{"id":18770,"date":"2023-06-02T12:06:29","date_gmt":"2023-06-02T10:06:29","guid":{"rendered":"https:\/\/www.eduardbarcelo.com\/?post_type=product&#038;p=18770"},"modified":"2023-06-02T12:39:00","modified_gmt":"2023-06-02T10:39:00","slug":"triathlon-moyenne-distance-zwift-rythme","status":"publish","type":"product","link":"https:\/\/www.eduardbarcelo.com\/fr\/produits\/plans-dentrainement\/triathlon\/triathlon-moyenne-distance-zwift-rythme\/","title":{"rendered":"Triathlon moyenne distance \u00b7 Zwift\/Rythme"},"content":{"rendered":"<p>Plan d&rsquo;entra\u00eenement sp\u00e9cifique pour le <strong>triathlon moyenne distance<\/strong> utilisant <strong>Zwift<\/strong> et le <strong>rythme<\/strong>.<br \/>\nId\u00e9al pour les triathl\u00e8tes qui disposent de peu de temps et qui ont besoin d&rsquo;optimiser au maximum leur programme d&rsquo;entra\u00eenement.<br \/>\nDur\u00e9e de <strong>13 semaines<\/strong>.<\/p>\n","protected":false},"excerpt":{"rendered":"<p>Plan d&rsquo;entra\u00eenement sp\u00e9cifique pour le triathlon moyenne distance utilisant Zwift et le rythme. Id\u00e9al pour les triathl\u00e8tes qui disposent de peu de temps et qui ont besoin d&rsquo;optimiser au maximum leur programme d&rsquo;entra\u00eenement. Dur\u00e9e de 13 semaines.<\/p>\n","protected":false},"featured_media":0,"template":"","meta":[],"product_brand":[],"product_cat":[159,256],"product_tag":[],"class_list":{"0":"post-18770","1":"product","2":"type-product","3":"status-publish","5":"product_cat-plans-dentrainement","6":"product_cat-triathlon","8":"first","9":"instock","10":"sale","11":"virtual","12":"purchasable","13":"product-type-simple"},"yoast_head":"<!-- This site is optimized with the Yoast SEO plugin v27.2 - https:\/\/yoast.com\/product\/yoast-seo-wordpress\/ -->\n<title>Plan d&#039;entrainement triathlon (13 semaines)<\/title>\n<meta name=\"description\" content=\"Plan d&#039;entrainement triathlon. Sp\u00e9cifique pour le triathlon moyenne distance bas\u00e9 sur le rythme avec Zwift. Pr\u00e9parez votre comp\u00e9tition en 13 semaines\" \/>\n<meta name=\"robots\" content=\"index, follow, max-snippet:-1, max-image-preview:large, max-video-preview:-1\" \/>\n<link rel=\"canonical\" href=\"https:\/\/www.eduardbarcelo.com\/fr\/produits\/plans-dentrainement\/triathlon\/triathlon-moyenne-distance-zwift-rythme\/\" \/>\n<meta property=\"og:locale\" content=\"fr_FR\" \/>\n<meta property=\"og:type\" content=\"article\" \/>\n<meta property=\"og:title\" content=\"Plan d&#039;entrainement triathlon (13 semaines)\" \/>\n<meta property=\"og:description\" content=\"Plan d&#039;entrainement triathlon. Sp\u00e9cifique pour le triathlon moyenne distance bas\u00e9 sur le rythme avec Zwift. Pr\u00e9parez votre comp\u00e9tition en 13 semaines\" \/>\n<meta property=\"og:url\" content=\"https:\/\/www.eduardbarcelo.com\/fr\/produits\/plans-dentrainement\/triathlon\/triathlon-moyenne-distance-zwift-rythme\/\" \/>\n<meta property=\"og:site_name\" content=\"Eduard Barcel\u00f3 Training\" \/>\n<meta property=\"article:publisher\" content=\"https:\/\/www.facebook.com\/EBEntrenament\" \/>\n<meta property=\"article:modified_time\" content=\"2023-06-02T10:39:00+00:00\" \/>\n<meta name=\"twitter:card\" content=\"summary_large_image\" \/>\n<meta name=\"twitter:label1\" content=\"Dur\u00e9e de lecture estim\u00e9e\" \/>\n\t<meta name=\"twitter:data1\" content=\"1 minute\" \/>\n<script type=\"application\/ld+json\" class=\"yoast-schema-graph\">{\"@context\":\"https:\/\/schema.org\",\"@graph\":[{\"@type\":\"WebPage\",\"@id\":\"https:\/\/www.eduardbarcelo.com\/fr\/produits\/plans-dentrainement\/triathlon\/triathlon-moyenne-distance-zwift-rythme\/\",\"url\":\"https:\/\/www.eduardbarcelo.com\/fr\/produits\/plans-dentrainement\/triathlon\/triathlon-moyenne-distance-zwift-rythme\/\",\"name\":\"Plan d'entrainement triathlon (13 semaines)\",\"isPartOf\":{\"@id\":\"https:\/\/www.eduardbarcelo.com\/#website\"},\"datePublished\":\"2023-06-02T10:06:29+00:00\",\"dateModified\":\"2023-06-02T10:39:00+00:00\",\"description\":\"Plan d'entrainement triathlon. Sp\u00e9cifique pour le triathlon moyenne distance bas\u00e9 sur le rythme avec Zwift. Pr\u00e9parez votre comp\u00e9tition en 13 semaines\",\"breadcrumb\":{\"@id\":\"https:\/\/www.eduardbarcelo.com\/fr\/produits\/plans-dentrainement\/triathlon\/triathlon-moyenne-distance-zwift-rythme\/#breadcrumb\"},\"inLanguage\":\"fr-FR\",\"potentialAction\":[{\"@type\":\"ReadAction\",\"target\":[\"https:\/\/www.eduardbarcelo.com\/fr\/produits\/plans-dentrainement\/triathlon\/triathlon-moyenne-distance-zwift-rythme\/\"]}]},{\"@type\":\"BreadcrumbList\",\"@id\":\"https:\/\/www.eduardbarcelo.com\/fr\/produits\/plans-dentrainement\/triathlon\/triathlon-moyenne-distance-zwift-rythme\/#breadcrumb\",\"itemListElement\":[{\"@type\":\"ListItem\",\"position\":1,\"name\":\"Home\",\"item\":\"https:\/\/www.eduardbarcelo.com\/fr\/\"},{\"@type\":\"ListItem\",\"position\":2,\"name\":\"Produits\",\"item\":\"https:\/\/www.eduardbarcelo.com\/fr\/produits\/\"},{\"@type\":\"ListItem\",\"position\":3,\"name\":\"Triathlon moyenne distance \u00b7 Zwift\/Rythme\"}]},{\"@type\":\"WebSite\",\"@id\":\"https:\/\/www.eduardbarcelo.com\/#website\",\"url\":\"https:\/\/www.eduardbarcelo.com\/\",\"name\":\"Eduard Barcel\u00f3 Training\",\"description\":\"Preparador f\u00edsico especializado en deportes de resistencia\",\"potentialAction\":[{\"@type\":\"SearchAction\",\"target\":{\"@type\":\"EntryPoint\",\"urlTemplate\":\"https:\/\/www.eduardbarcelo.com\/?s={search_term_string}\"},\"query-input\":{\"@type\":\"PropertyValueSpecification\",\"valueRequired\":true,\"valueName\":\"search_term_string\"}}],\"inLanguage\":\"fr-FR\"}]}<\/script>\n<!-- \/ Yoast SEO plugin. -->","yoast_head_json":{"title":"Plan d'entrainement triathlon (13 semaines)","description":"Plan d'entrainement triathlon. Sp\u00e9cifique pour le triathlon moyenne distance bas\u00e9 sur le rythme avec Zwift. Pr\u00e9parez votre comp\u00e9tition en 13 semaines","robots":{"index":"index","follow":"follow","max-snippet":"max-snippet:-1","max-image-preview":"max-image-preview:large","max-video-preview":"max-video-preview:-1"},"canonical":"https:\/\/www.eduardbarcelo.com\/fr\/produits\/plans-dentrainement\/triathlon\/triathlon-moyenne-distance-zwift-rythme\/","og_locale":"fr_FR","og_type":"article","og_title":"Plan d'entrainement triathlon (13 semaines)","og_description":"Plan d'entrainement triathlon. Sp\u00e9cifique pour le triathlon moyenne distance bas\u00e9 sur le rythme avec Zwift. Pr\u00e9parez votre comp\u00e9tition en 13 semaines","og_url":"https:\/\/www.eduardbarcelo.com\/fr\/produits\/plans-dentrainement\/triathlon\/triathlon-moyenne-distance-zwift-rythme\/","og_site_name":"Eduard Barcel\u00f3 Training","article_publisher":"https:\/\/www.facebook.com\/EBEntrenament","article_modified_time":"2023-06-02T10:39:00+00:00","twitter_card":"summary_large_image","twitter_misc":{"Dur\u00e9e de lecture estim\u00e9e":"1 minute"},"schema":{"@context":"https:\/\/schema.org","@graph":[{"@type":"WebPage","@id":"https:\/\/www.eduardbarcelo.com\/fr\/produits\/plans-dentrainement\/triathlon\/triathlon-moyenne-distance-zwift-rythme\/","url":"https:\/\/www.eduardbarcelo.com\/fr\/produits\/plans-dentrainement\/triathlon\/triathlon-moyenne-distance-zwift-rythme\/","name":"Plan d'entrainement triathlon (13 semaines)","isPartOf":{"@id":"https:\/\/www.eduardbarcelo.com\/#website"},"datePublished":"2023-06-02T10:06:29+00:00","dateModified":"2023-06-02T10:39:00+00:00","description":"Plan d'entrainement triathlon. Sp\u00e9cifique pour le triathlon moyenne distance bas\u00e9 sur le rythme avec Zwift. Pr\u00e9parez votre comp\u00e9tition en 13 semaines","breadcrumb":{"@id":"https:\/\/www.eduardbarcelo.com\/fr\/produits\/plans-dentrainement\/triathlon\/triathlon-moyenne-distance-zwift-rythme\/#breadcrumb"},"inLanguage":"fr-FR","potentialAction":[{"@type":"ReadAction","target":["https:\/\/www.eduardbarcelo.com\/fr\/produits\/plans-dentrainement\/triathlon\/triathlon-moyenne-distance-zwift-rythme\/"]}]},{"@type":"BreadcrumbList","@id":"https:\/\/www.eduardbarcelo.com\/fr\/produits\/plans-dentrainement\/triathlon\/triathlon-moyenne-distance-zwift-rythme\/#breadcrumb","itemListElement":[{"@type":"ListItem","position":1,"name":"Home","item":"https:\/\/www.eduardbarcelo.com\/fr\/"},{"@type":"ListItem","position":2,"name":"Produits","item":"https:\/\/www.eduardbarcelo.com\/fr\/produits\/"},{"@type":"ListItem","position":3,"name":"Triathlon moyenne distance \u00b7 Zwift\/Rythme"}]},{"@type":"WebSite","@id":"https:\/\/www.eduardbarcelo.com\/#website","url":"https:\/\/www.eduardbarcelo.com\/","name":"Eduard Barcel\u00f3 Training","description":"Preparador f\u00edsico especializado en deportes de resistencia","potentialAction":[{"@type":"SearchAction","target":{"@type":"EntryPoint","urlTemplate":"https:\/\/www.eduardbarcelo.com\/?s={search_term_string}"},"query-input":{"@type":"PropertyValueSpecification","valueRequired":true,"valueName":"search_term_string"}}],"inLanguage":"fr-FR"}]}},"_links":{"self":[{"href":"https:\/\/www.eduardbarcelo.com\/fr\/wp-json\/wp\/v2\/product\/18770","targetHints":{"allow":["GET"]}}],"collection":[{"href":"https:\/\/www.eduardbarcelo.com\/fr\/wp-json\/wp\/v2\/product"}],"about":[{"href":"https:\/\/www.eduardbarcelo.com\/fr\/wp-json\/wp\/v2\/types\/product"}],"wp:attachment":[{"href":"https:\/\/www.eduardbarcelo.com\/fr\/wp-json\/wp\/v2\/media?parent=18770"}],"wp:term":[{"taxonomy":"product_brand","embeddable":true,"href":"https:\/\/www.eduardbarcelo.com\/fr\/wp-json\/wp\/v2\/product_brand?post=18770"},{"taxonomy":"product_cat","embeddable":true,"href":"https:\/\/www.eduardbarcelo.com\/fr\/wp-json\/wp\/v2\/product_cat?post=18770"},{"taxonomy":"product_tag","embeddable":true,"href":"https:\/\/www.eduardbarcelo.com\/fr\/wp-json\/wp\/v2\/product_tag?post=18770"}],"curies":[{"name":"wp","href":"https:\/\/api.w.org\/{rel}","templated":true}]}}