{"id":16817,"date":"2022-11-06T16:49:16","date_gmt":"2022-11-06T15:49:16","guid":{"rendered":"https:\/\/www.eduardbarcelo.com\/?post_type=product&#038;p=16817"},"modified":"2022-12-30T12:49:21","modified_gmt":"2022-12-30T11:49:21","slug":"triathlon-longue-distance-ironman-puissance-rythme","status":"publish","type":"product","link":"https:\/\/www.eduardbarcelo.com\/fr\/produits\/plans-dentrainement\/triathlon\/triathlon-longue-distance-ironman-puissance-rythme\/","title":{"rendered":"Triathlon longue distance IRONMAN \u00b7 Puissance\/Rythme"},"content":{"rendered":"<p>Plan d&rsquo;entrainement pour se pr\u00e9parer \u00e0 un <strong>triathlon longue distance<\/strong>. 3.8-180-42k.<br \/>\nR\u00e9f\u00e9rences d&rsquo;intensit\u00e9 \u00e0 travers la <strong>puissance<\/strong> et le <strong>rythme<\/strong>.<br \/>\nDur\u00e9e de <strong>24\u00a0semaines<\/strong>.<br \/>\nPour les triathl\u00e8tes de niveau avanc\u00e9.<\/p>\n","protected":false},"excerpt":{"rendered":"<p>Plan d&rsquo;entrainement pour se pr\u00e9parer \u00e0 un triathlon longue distance. 3.8-180-42k. R\u00e9f\u00e9rences d&rsquo;intensit\u00e9 \u00e0 travers la puissance et le rythme. Dur\u00e9e de 24\u00a0semaines. Pour les triathl\u00e8tes de niveau avanc\u00e9.<\/p>\n","protected":false},"featured_media":0,"template":"","meta":[],"product_brand":[],"product_cat":[159,256],"product_tag":[],"class_list":{"0":"post-16817","1":"product","2":"type-product","3":"status-publish","5":"product_cat-plans-dentrainement","6":"product_cat-triathlon","8":"first","9":"instock","10":"sale","11":"virtual","12":"purchasable","13":"product-type-simple"},"yoast_head":"<!-- This site is optimized with the Yoast SEO plugin v27.2 - https:\/\/yoast.com\/product\/yoast-seo-wordpress\/ -->\n<title>Plan d&#039;entrainement triathlon (24 semaines)<\/title>\n<meta name=\"description\" content=\"Plan d&#039;entrainement pour triathlon longue distance IRONMAN bas\u00e9 sur la fr\u00e9quence cardiaque et le rythme. Pr\u00e9parez votre course en 24 semaines\" \/>\n<meta name=\"robots\" content=\"index, follow, max-snippet:-1, max-image-preview:large, max-video-preview:-1\" \/>\n<link rel=\"canonical\" href=\"https:\/\/www.eduardbarcelo.com\/fr\/produits\/plans-dentrainement\/triathlon\/triathlon-longue-distance-ironman-puissance-rythme\/\" \/>\n<meta property=\"og:locale\" content=\"fr_FR\" \/>\n<meta property=\"og:type\" content=\"article\" \/>\n<meta property=\"og:title\" content=\"Plan d&#039;entrainement triathlon (24 semaines)\" \/>\n<meta property=\"og:description\" content=\"Plan d&#039;entrainement pour triathlon longue distance IRONMAN bas\u00e9 sur la fr\u00e9quence cardiaque et le rythme. Pr\u00e9parez votre course en 24 semaines\" \/>\n<meta property=\"og:url\" content=\"https:\/\/www.eduardbarcelo.com\/fr\/produits\/plans-dentrainement\/triathlon\/triathlon-longue-distance-ironman-puissance-rythme\/\" \/>\n<meta property=\"og:site_name\" content=\"Eduard Barcel\u00f3 Training\" \/>\n<meta property=\"article:publisher\" content=\"https:\/\/www.facebook.com\/EBEntrenament\" \/>\n<meta property=\"article:modified_time\" content=\"2022-12-30T11:49:21+00:00\" \/>\n<meta name=\"twitter:card\" content=\"summary_large_image\" \/>\n<meta name=\"twitter:label1\" content=\"Dur\u00e9e de lecture estim\u00e9e\" \/>\n\t<meta name=\"twitter:data1\" content=\"1 minute\" \/>\n<script type=\"application\/ld+json\" class=\"yoast-schema-graph\">{\"@context\":\"https:\/\/schema.org\",\"@graph\":[{\"@type\":\"WebPage\",\"@id\":\"https:\/\/www.eduardbarcelo.com\/fr\/produits\/plans-dentrainement\/triathlon\/triathlon-longue-distance-ironman-puissance-rythme\/\",\"url\":\"https:\/\/www.eduardbarcelo.com\/fr\/produits\/plans-dentrainement\/triathlon\/triathlon-longue-distance-ironman-puissance-rythme\/\",\"name\":\"Plan d'entrainement triathlon (24 semaines)\",\"isPartOf\":{\"@id\":\"https:\/\/www.eduardbarcelo.com\/#website\"},\"datePublished\":\"2022-11-06T15:49:16+00:00\",\"dateModified\":\"2022-12-30T11:49:21+00:00\",\"description\":\"Plan d'entrainement pour triathlon longue distance IRONMAN bas\u00e9 sur la fr\u00e9quence cardiaque et le rythme. Pr\u00e9parez votre course en 24 semaines\",\"breadcrumb\":{\"@id\":\"https:\/\/www.eduardbarcelo.com\/fr\/produits\/plans-dentrainement\/triathlon\/triathlon-longue-distance-ironman-puissance-rythme\/#breadcrumb\"},\"inLanguage\":\"fr-FR\",\"potentialAction\":[{\"@type\":\"ReadAction\",\"target\":[\"https:\/\/www.eduardbarcelo.com\/fr\/produits\/plans-dentrainement\/triathlon\/triathlon-longue-distance-ironman-puissance-rythme\/\"]}]},{\"@type\":\"BreadcrumbList\",\"@id\":\"https:\/\/www.eduardbarcelo.com\/fr\/produits\/plans-dentrainement\/triathlon\/triathlon-longue-distance-ironman-puissance-rythme\/#breadcrumb\",\"itemListElement\":[{\"@type\":\"ListItem\",\"position\":1,\"name\":\"Home\",\"item\":\"https:\/\/www.eduardbarcelo.com\/fr\/\"},{\"@type\":\"ListItem\",\"position\":2,\"name\":\"Produits\",\"item\":\"https:\/\/www.eduardbarcelo.com\/fr\/produits\/\"},{\"@type\":\"ListItem\",\"position\":3,\"name\":\"Triathlon longue distance IRONMAN \u00b7 Puissance\/Rythme\"}]},{\"@type\":\"WebSite\",\"@id\":\"https:\/\/www.eduardbarcelo.com\/#website\",\"url\":\"https:\/\/www.eduardbarcelo.com\/\",\"name\":\"Eduard Barcel\u00f3 Training\",\"description\":\"Preparador f\u00edsico especializado en deportes de resistencia\",\"potentialAction\":[{\"@type\":\"SearchAction\",\"target\":{\"@type\":\"EntryPoint\",\"urlTemplate\":\"https:\/\/www.eduardbarcelo.com\/?s={search_term_string}\"},\"query-input\":{\"@type\":\"PropertyValueSpecification\",\"valueRequired\":true,\"valueName\":\"search_term_string\"}}],\"inLanguage\":\"fr-FR\"}]}<\/script>\n<!-- \/ Yoast SEO plugin. -->","yoast_head_json":{"title":"Plan d'entrainement triathlon (24 semaines)","description":"Plan d'entrainement pour triathlon longue distance IRONMAN bas\u00e9 sur la fr\u00e9quence cardiaque et le rythme. Pr\u00e9parez votre course en 24 semaines","robots":{"index":"index","follow":"follow","max-snippet":"max-snippet:-1","max-image-preview":"max-image-preview:large","max-video-preview":"max-video-preview:-1"},"canonical":"https:\/\/www.eduardbarcelo.com\/fr\/produits\/plans-dentrainement\/triathlon\/triathlon-longue-distance-ironman-puissance-rythme\/","og_locale":"fr_FR","og_type":"article","og_title":"Plan d'entrainement triathlon (24 semaines)","og_description":"Plan d'entrainement pour triathlon longue distance IRONMAN bas\u00e9 sur la fr\u00e9quence cardiaque et le rythme. Pr\u00e9parez votre course en 24 semaines","og_url":"https:\/\/www.eduardbarcelo.com\/fr\/produits\/plans-dentrainement\/triathlon\/triathlon-longue-distance-ironman-puissance-rythme\/","og_site_name":"Eduard Barcel\u00f3 Training","article_publisher":"https:\/\/www.facebook.com\/EBEntrenament","article_modified_time":"2022-12-30T11:49:21+00:00","twitter_card":"summary_large_image","twitter_misc":{"Dur\u00e9e de lecture estim\u00e9e":"1 minute"},"schema":{"@context":"https:\/\/schema.org","@graph":[{"@type":"WebPage","@id":"https:\/\/www.eduardbarcelo.com\/fr\/produits\/plans-dentrainement\/triathlon\/triathlon-longue-distance-ironman-puissance-rythme\/","url":"https:\/\/www.eduardbarcelo.com\/fr\/produits\/plans-dentrainement\/triathlon\/triathlon-longue-distance-ironman-puissance-rythme\/","name":"Plan d'entrainement triathlon (24 semaines)","isPartOf":{"@id":"https:\/\/www.eduardbarcelo.com\/#website"},"datePublished":"2022-11-06T15:49:16+00:00","dateModified":"2022-12-30T11:49:21+00:00","description":"Plan d'entrainement pour triathlon longue distance IRONMAN bas\u00e9 sur la fr\u00e9quence cardiaque et le rythme. Pr\u00e9parez votre course en 24 semaines","breadcrumb":{"@id":"https:\/\/www.eduardbarcelo.com\/fr\/produits\/plans-dentrainement\/triathlon\/triathlon-longue-distance-ironman-puissance-rythme\/#breadcrumb"},"inLanguage":"fr-FR","potentialAction":[{"@type":"ReadAction","target":["https:\/\/www.eduardbarcelo.com\/fr\/produits\/plans-dentrainement\/triathlon\/triathlon-longue-distance-ironman-puissance-rythme\/"]}]},{"@type":"BreadcrumbList","@id":"https:\/\/www.eduardbarcelo.com\/fr\/produits\/plans-dentrainement\/triathlon\/triathlon-longue-distance-ironman-puissance-rythme\/#breadcrumb","itemListElement":[{"@type":"ListItem","position":1,"name":"Home","item":"https:\/\/www.eduardbarcelo.com\/fr\/"},{"@type":"ListItem","position":2,"name":"Produits","item":"https:\/\/www.eduardbarcelo.com\/fr\/produits\/"},{"@type":"ListItem","position":3,"name":"Triathlon longue distance IRONMAN \u00b7 Puissance\/Rythme"}]},{"@type":"WebSite","@id":"https:\/\/www.eduardbarcelo.com\/#website","url":"https:\/\/www.eduardbarcelo.com\/","name":"Eduard Barcel\u00f3 Training","description":"Preparador f\u00edsico especializado en deportes de resistencia","potentialAction":[{"@type":"SearchAction","target":{"@type":"EntryPoint","urlTemplate":"https:\/\/www.eduardbarcelo.com\/?s={search_term_string}"},"query-input":{"@type":"PropertyValueSpecification","valueRequired":true,"valueName":"search_term_string"}}],"inLanguage":"fr-FR"}]}},"_links":{"self":[{"href":"https:\/\/www.eduardbarcelo.com\/fr\/wp-json\/wp\/v2\/product\/16817","targetHints":{"allow":["GET"]}}],"collection":[{"href":"https:\/\/www.eduardbarcelo.com\/fr\/wp-json\/wp\/v2\/product"}],"about":[{"href":"https:\/\/www.eduardbarcelo.com\/fr\/wp-json\/wp\/v2\/types\/product"}],"wp:attachment":[{"href":"https:\/\/www.eduardbarcelo.com\/fr\/wp-json\/wp\/v2\/media?parent=16817"}],"wp:term":[{"taxonomy":"product_brand","embeddable":true,"href":"https:\/\/www.eduardbarcelo.com\/fr\/wp-json\/wp\/v2\/product_brand?post=16817"},{"taxonomy":"product_cat","embeddable":true,"href":"https:\/\/www.eduardbarcelo.com\/fr\/wp-json\/wp\/v2\/product_cat?post=16817"},{"taxonomy":"product_tag","embeddable":true,"href":"https:\/\/www.eduardbarcelo.com\/fr\/wp-json\/wp\/v2\/product_tag?post=16817"}],"curies":[{"name":"wp","href":"https:\/\/api.w.org\/{rel}","templated":true}]}}