{"id":16483,"date":"2022-11-04T23:56:45","date_gmt":"2022-11-04T22:56:45","guid":{"rendered":"https:\/\/www.eduardbarcelo.com\/?post_type=product&#038;p=16483"},"modified":"2022-12-30T11:18:17","modified_gmt":"2022-12-30T10:18:17","slug":"ultra-trail-puissance","status":"publish","type":"product","link":"https:\/\/www.eduardbarcelo.com\/fr\/produits\/plans-dentrainement\/trail-running\/ultra-trail-puissance\/","title":{"rendered":"Ultra Trail \u00b7 Puissance"},"content":{"rendered":"<p>Plan d&rsquo;entrainement complet pour <strong>ULTRA TRAIL<\/strong>.<br \/>\nPlanification bas\u00e9e sur la <strong>puissance<\/strong>. Il est n\u00e9cessaire d&rsquo;avoir un <a href=\"https:\/\/www.eduardbarcelo.com\/fr\/produits\/produits\/potentiometres\/potentiometre-stryd\/\" target=\"_blank\" rel=\"noopener\">potentiom\u00e8tre STRYD<\/a> pour contr\u00f4le de l&rsquo;intensit\u00e9.<br \/>\nDur\u00e9e de <strong>23 semaines<\/strong> d&rsquo;entra\u00eenement sp\u00e9cifique pour le ULTRA TRAIL plus la semaine pr\u00e9c\u00e9dente de reprise pour la comp\u00e9tition.<br \/>\nMise en place g\u00e9n\u00e9rale avec un travail de base sur la force, la r\u00e9sistance de base et la vitesse.<br \/>\nRoutines g\u00e9n\u00e9rales de pr\u00e9paration physique \u00e0 domicile avec <a href=\"https:\/\/www.eduardbarcelo.com\/fr\/entrainement-en-suspension-pour-coureurs\/\" target=\"_blank\" rel=\"noopener\">entra\u00eenement en suspension (TRX)<\/a>, fitball et bosu.<br \/>\nPour les coureurs de niveau interm\u00e9diaire et avanc\u00e9.<br \/>\nD\u00e9but du plan recommand\u00e9 entre 20 et 24 semaines avant la comp\u00e9tition.<br \/>\nCe plan d&rsquo;entrainement pour ultra trail pourra s&rsquo;encha\u00eener apr\u00e8s avoir r\u00e9alis\u00e9 le plan d&rsquo;entra\u00eenement <a href=\"https:\/\/www.eduardbarcelo.com\/fr\/produits\/plans-dentrainement\/trail-running\/42k-trail-puissance\/\">42k Trail \u00b7 Puissance<\/a> au cours de la saison pr\u00e9c\u00e9dente et avoir r\u00e9ussi l&rsquo;objectif sportif. Il peut \u00e9galement \u00eatre associ\u00e9 dans la m\u00eame saison au PLAN COMPLET MARATHON &#8211; PHASE G\u00c9N\u00c9RALE ET SP\u00c9CIFIQUE &#8211; RYTHMES et avoir r\u00e9ussi l&rsquo;objectif sportif.<\/p>\n","protected":false},"excerpt":{"rendered":"<p>Plan d&rsquo;entrainement complet pour ULTRA TRAIL. Planification bas\u00e9e sur la puissance. Il est n\u00e9cessaire d&rsquo;avoir un potentiom\u00e8tre STRYD pour contr\u00f4le de l&rsquo;intensit\u00e9. Dur\u00e9e de 23 semaines d&rsquo;entra\u00eenement sp\u00e9cifique pour le ULTRA TRAIL plus la semaine pr\u00e9c\u00e9dente de reprise pour la comp\u00e9tition. Mise en place g\u00e9n\u00e9rale avec un travail de base sur la force, la r\u00e9sistance &hellip; <\/p>\n","protected":false},"featured_media":0,"template":"","meta":[],"product_brand":[],"product_cat":[159,272],"product_tag":[],"class_list":{"0":"post-16483","1":"product","2":"type-product","3":"status-publish","5":"product_cat-plans-dentrainement","6":"product_cat-trail-running","8":"first","9":"instock","10":"sale","11":"virtual","12":"purchasable","13":"product-type-simple"},"yoast_head":"<!-- This site is optimized with the Yoast SEO plugin v27.2 - https:\/\/yoast.com\/product\/yoast-seo-wordpress\/ -->\n<title>Plan d&#039;entrainement ultra trail avec potentiom\u00e8tre (24 semaines)<\/title>\n<meta name=\"description\" content=\"Plan d&#039;entrainement pour ultra trail bas\u00e9 sur la puissance. Pr\u00e9parez votre course en 24 semaines avec le plan d&#039;entrainement trail running ultra trail\" \/>\n<meta name=\"robots\" content=\"index, follow, max-snippet:-1, max-image-preview:large, max-video-preview:-1\" \/>\n<link rel=\"canonical\" href=\"https:\/\/www.eduardbarcelo.com\/fr\/produits\/plans-dentrainement\/trail-running\/ultra-trail-puissance\/\" \/>\n<meta property=\"og:locale\" content=\"fr_FR\" \/>\n<meta property=\"og:type\" content=\"article\" \/>\n<meta property=\"og:title\" content=\"Plan d&#039;entrainement ultra trail avec potentiom\u00e8tre (24 semaines)\" \/>\n<meta property=\"og:description\" content=\"Plan d&#039;entrainement pour ultra trail bas\u00e9 sur la puissance. Pr\u00e9parez votre course en 24 semaines avec le plan d&#039;entrainement trail running ultra trail\" \/>\n<meta property=\"og:url\" content=\"https:\/\/www.eduardbarcelo.com\/fr\/produits\/plans-dentrainement\/trail-running\/ultra-trail-puissance\/\" \/>\n<meta property=\"og:site_name\" content=\"Eduard Barcel\u00f3 Training\" \/>\n<meta property=\"article:publisher\" content=\"https:\/\/www.facebook.com\/EBEntrenament\" \/>\n<meta property=\"article:modified_time\" content=\"2022-12-30T10:18:17+00:00\" \/>\n<meta name=\"twitter:card\" content=\"summary_large_image\" \/>\n<meta name=\"twitter:label1\" content=\"Dur\u00e9e de lecture estim\u00e9e\" \/>\n\t<meta name=\"twitter:data1\" content=\"1 minute\" \/>\n<script type=\"application\/ld+json\" class=\"yoast-schema-graph\">{\"@context\":\"https:\/\/schema.org\",\"@graph\":[{\"@type\":\"WebPage\",\"@id\":\"https:\/\/www.eduardbarcelo.com\/fr\/produits\/plans-dentrainement\/trail-running\/ultra-trail-puissance\/\",\"url\":\"https:\/\/www.eduardbarcelo.com\/fr\/produits\/plans-dentrainement\/trail-running\/ultra-trail-puissance\/\",\"name\":\"Plan d'entrainement ultra trail avec potentiom\u00e8tre (24 semaines)\",\"isPartOf\":{\"@id\":\"https:\/\/www.eduardbarcelo.com\/#website\"},\"datePublished\":\"2022-11-04T22:56:45+00:00\",\"dateModified\":\"2022-12-30T10:18:17+00:00\",\"description\":\"Plan d'entrainement pour ultra trail bas\u00e9 sur la puissance. Pr\u00e9parez votre course en 24 semaines avec le plan d'entrainement trail running ultra trail\",\"breadcrumb\":{\"@id\":\"https:\/\/www.eduardbarcelo.com\/fr\/produits\/plans-dentrainement\/trail-running\/ultra-trail-puissance\/#breadcrumb\"},\"inLanguage\":\"fr-FR\",\"potentialAction\":[{\"@type\":\"ReadAction\",\"target\":[\"https:\/\/www.eduardbarcelo.com\/fr\/produits\/plans-dentrainement\/trail-running\/ultra-trail-puissance\/\"]}]},{\"@type\":\"BreadcrumbList\",\"@id\":\"https:\/\/www.eduardbarcelo.com\/fr\/produits\/plans-dentrainement\/trail-running\/ultra-trail-puissance\/#breadcrumb\",\"itemListElement\":[{\"@type\":\"ListItem\",\"position\":1,\"name\":\"Home\",\"item\":\"https:\/\/www.eduardbarcelo.com\/fr\/\"},{\"@type\":\"ListItem\",\"position\":2,\"name\":\"Produits\",\"item\":\"https:\/\/www.eduardbarcelo.com\/fr\/produits\/\"},{\"@type\":\"ListItem\",\"position\":3,\"name\":\"Ultra Trail \u00b7 Puissance\"}]},{\"@type\":\"WebSite\",\"@id\":\"https:\/\/www.eduardbarcelo.com\/#website\",\"url\":\"https:\/\/www.eduardbarcelo.com\/\",\"name\":\"Eduard Barcel\u00f3 Training\",\"description\":\"Preparador f\u00edsico especializado en deportes de resistencia\",\"potentialAction\":[{\"@type\":\"SearchAction\",\"target\":{\"@type\":\"EntryPoint\",\"urlTemplate\":\"https:\/\/www.eduardbarcelo.com\/?s={search_term_string}\"},\"query-input\":{\"@type\":\"PropertyValueSpecification\",\"valueRequired\":true,\"valueName\":\"search_term_string\"}}],\"inLanguage\":\"fr-FR\"}]}<\/script>\n<!-- \/ Yoast SEO plugin. -->","yoast_head_json":{"title":"Plan d'entrainement ultra trail avec potentiom\u00e8tre (24 semaines)","description":"Plan d'entrainement pour ultra trail bas\u00e9 sur la puissance. Pr\u00e9parez votre course en 24 semaines avec le plan d'entrainement trail running ultra trail","robots":{"index":"index","follow":"follow","max-snippet":"max-snippet:-1","max-image-preview":"max-image-preview:large","max-video-preview":"max-video-preview:-1"},"canonical":"https:\/\/www.eduardbarcelo.com\/fr\/produits\/plans-dentrainement\/trail-running\/ultra-trail-puissance\/","og_locale":"fr_FR","og_type":"article","og_title":"Plan d'entrainement ultra trail avec potentiom\u00e8tre (24 semaines)","og_description":"Plan d'entrainement pour ultra trail bas\u00e9 sur la puissance. Pr\u00e9parez votre course en 24 semaines avec le plan d'entrainement trail running ultra trail","og_url":"https:\/\/www.eduardbarcelo.com\/fr\/produits\/plans-dentrainement\/trail-running\/ultra-trail-puissance\/","og_site_name":"Eduard Barcel\u00f3 Training","article_publisher":"https:\/\/www.facebook.com\/EBEntrenament","article_modified_time":"2022-12-30T10:18:17+00:00","twitter_card":"summary_large_image","twitter_misc":{"Dur\u00e9e de lecture estim\u00e9e":"1 minute"},"schema":{"@context":"https:\/\/schema.org","@graph":[{"@type":"WebPage","@id":"https:\/\/www.eduardbarcelo.com\/fr\/produits\/plans-dentrainement\/trail-running\/ultra-trail-puissance\/","url":"https:\/\/www.eduardbarcelo.com\/fr\/produits\/plans-dentrainement\/trail-running\/ultra-trail-puissance\/","name":"Plan d'entrainement ultra trail avec potentiom\u00e8tre (24 semaines)","isPartOf":{"@id":"https:\/\/www.eduardbarcelo.com\/#website"},"datePublished":"2022-11-04T22:56:45+00:00","dateModified":"2022-12-30T10:18:17+00:00","description":"Plan d'entrainement pour ultra trail bas\u00e9 sur la puissance. Pr\u00e9parez votre course en 24 semaines avec le plan d'entrainement trail running ultra trail","breadcrumb":{"@id":"https:\/\/www.eduardbarcelo.com\/fr\/produits\/plans-dentrainement\/trail-running\/ultra-trail-puissance\/#breadcrumb"},"inLanguage":"fr-FR","potentialAction":[{"@type":"ReadAction","target":["https:\/\/www.eduardbarcelo.com\/fr\/produits\/plans-dentrainement\/trail-running\/ultra-trail-puissance\/"]}]},{"@type":"BreadcrumbList","@id":"https:\/\/www.eduardbarcelo.com\/fr\/produits\/plans-dentrainement\/trail-running\/ultra-trail-puissance\/#breadcrumb","itemListElement":[{"@type":"ListItem","position":1,"name":"Home","item":"https:\/\/www.eduardbarcelo.com\/fr\/"},{"@type":"ListItem","position":2,"name":"Produits","item":"https:\/\/www.eduardbarcelo.com\/fr\/produits\/"},{"@type":"ListItem","position":3,"name":"Ultra Trail \u00b7 Puissance"}]},{"@type":"WebSite","@id":"https:\/\/www.eduardbarcelo.com\/#website","url":"https:\/\/www.eduardbarcelo.com\/","name":"Eduard Barcel\u00f3 Training","description":"Preparador f\u00edsico especializado en deportes de resistencia","potentialAction":[{"@type":"SearchAction","target":{"@type":"EntryPoint","urlTemplate":"https:\/\/www.eduardbarcelo.com\/?s={search_term_string}"},"query-input":{"@type":"PropertyValueSpecification","valueRequired":true,"valueName":"search_term_string"}}],"inLanguage":"fr-FR"}]}},"_links":{"self":[{"href":"https:\/\/www.eduardbarcelo.com\/fr\/wp-json\/wp\/v2\/product\/16483","targetHints":{"allow":["GET"]}}],"collection":[{"href":"https:\/\/www.eduardbarcelo.com\/fr\/wp-json\/wp\/v2\/product"}],"about":[{"href":"https:\/\/www.eduardbarcelo.com\/fr\/wp-json\/wp\/v2\/types\/product"}],"wp:attachment":[{"href":"https:\/\/www.eduardbarcelo.com\/fr\/wp-json\/wp\/v2\/media?parent=16483"}],"wp:term":[{"taxonomy":"product_brand","embeddable":true,"href":"https:\/\/www.eduardbarcelo.com\/fr\/wp-json\/wp\/v2\/product_brand?post=16483"},{"taxonomy":"product_cat","embeddable":true,"href":"https:\/\/www.eduardbarcelo.com\/fr\/wp-json\/wp\/v2\/product_cat?post=16483"},{"taxonomy":"product_tag","embeddable":true,"href":"https:\/\/www.eduardbarcelo.com\/fr\/wp-json\/wp\/v2\/product_tag?post=16483"}],"curies":[{"name":"wp","href":"https:\/\/api.w.org\/{rel}","templated":true}]}}