{"id":15775,"date":"2019-12-09T04:45:16","date_gmt":"2022-02-23T14:23:49","guid":{"rendered":"https:\/\/www.eduardbarcelo.com\/producto\/service-conseil\/"},"modified":"2022-03-04T14:58:14","modified_gmt":"2022-03-04T13:58:14","slug":"service-conseil","status":"publish","type":"product","link":"https:\/\/www.eduardbarcelo.com\/fr\/produits\/services-fr\/service-conseil\/","title":{"rendered":"Service-conseil"},"content":{"rendered":"<p>Vous avez des questions sur votre <a href=\"https:\/\/www.eduardbarcelo.com\/fr\/plans-dentrainement\/\">plan d&rsquo;entrainement<\/a>? Avez-vous besoin de consulter des concepts dont vous n&rsquo;\u00eates pas s\u00fbr? Vous souhaitez disposer d&rsquo;une heure compl\u00e8te pour lever des doutes sur la gestion d&rsquo;une comp\u00e9tition? Vous pouvez consulter tout cela et bien plus encore si vous contractez le service de consultation par vid\u00e9oconf\u00e9rence avec Eduard Barcel\u00f3.<\/p>\n<p>Une fois que vous avez contract\u00e9 le service, nous vous contacterons via l&rsquo;e-mail que vous nous avez fourni \u00e0 la fin de l&rsquo;achat pour convenir du jour, de l&rsquo;heure et de l&rsquo;assistance (Skype ou Facetime).<\/p>\n<p>Nous vous recommandons de pr\u00e9parer avant la r\u00e9union un script avec toutes les questions que vous souhaitez poser afin de tirer le meilleur parti du service.<\/p>\n<p style=\"margin:25px 0 50px;color:#0a8091;\">\n<i class=\"fas fa-exclamation-circle\" style=\"font-size:22px;\"><\/i><br \/>\nCe service de consultation par visioconf\u00e9rence est uniquement disponible dans les langues suivantes\u00a0: <strong>Catalan<\/strong>, <strong>Espagnol<\/strong>, <strong>Anglais<\/strong> et <strong>Fran\u00e7ais<\/strong>.<\/p>\n","protected":false},"excerpt":{"rendered":"<p>Vous avez des questions sur votre plan d&rsquo;entrainement? Avez-vous besoin de consulter des concepts dont vous n&rsquo;\u00eates pas s\u00fbr? Vous souhaitez disposer d&rsquo;une heure compl\u00e8te pour lever des doutes sur la gestion d&rsquo;une comp\u00e9tition? Vous pouvez consulter tout cela et bien plus encore si vous contractez le service de consultation par vid\u00e9oconf\u00e9rence avec Eduard Barcel\u00f3. &hellip; <\/p>\n","protected":false},"featured_media":0,"template":"","meta":[],"product_brand":[],"product_cat":[187],"product_tag":[],"class_list":{"0":"post-15775","1":"product","2":"type-product","3":"status-publish","5":"product_cat-services-fr","7":"first","8":"instock","9":"virtual","10":"sold-individually","11":"purchasable","12":"product-type-simple"},"yoast_head":"<!-- This site is optimized with the Yoast SEO plugin v27.2 - https:\/\/yoast.com\/product\/yoast-seo-wordpress\/ -->\n<title>Service-conseil<\/title>\n<meta name=\"robots\" content=\"index, follow, max-snippet:-1, max-image-preview:large, max-video-preview:-1\" \/>\n<link rel=\"canonical\" href=\"https:\/\/www.eduardbarcelo.com\/produits\/servicios\/servicio-de-consultas\/\" \/>\n<meta property=\"og:locale\" content=\"fr_FR\" \/>\n<meta property=\"og:type\" content=\"article\" \/>\n<meta property=\"og:title\" content=\"Service-conseil\" \/>\n<meta property=\"og:description\" content=\"Vous avez des questions sur votre plan d&rsquo;entrainement? Avez-vous besoin de consulter des concepts dont vous n&rsquo;\u00eates pas s\u00fbr? Vous souhaitez disposer d&rsquo;une heure compl\u00e8te pour lever des doutes sur la gestion d&rsquo;une comp\u00e9tition? Vous pouvez consulter tout cela et bien plus encore si vous contractez le service de consultation par vid\u00e9oconf\u00e9rence avec Eduard Barcel\u00f3. &hellip;\" \/>\n<meta property=\"og:url\" content=\"https:\/\/www.eduardbarcelo.com\/produits\/servicios\/servicio-de-consultas\/\" \/>\n<meta property=\"og:site_name\" content=\"Eduard Barcel\u00f3 Training\" \/>\n<meta property=\"article:publisher\" content=\"https:\/\/www.facebook.com\/EBEntrenament\" \/>\n<meta property=\"article:modified_time\" content=\"2022-03-04T13:58:14+00:00\" \/>\n<meta name=\"twitter:card\" content=\"summary_large_image\" \/>\n<meta name=\"twitter:label1\" content=\"Dur\u00e9e de lecture estim\u00e9e\" \/>\n\t<meta name=\"twitter:data1\" content=\"1 minute\" \/>\n<script type=\"application\/ld+json\" class=\"yoast-schema-graph\">{\"@context\":\"https:\/\/schema.org\",\"@graph\":[{\"@type\":\"WebPage\",\"@id\":\"https:\/\/www.eduardbarcelo.com\/produits\/servicios\/servicio-de-consultas\/\",\"url\":\"https:\/\/www.eduardbarcelo.com\/produits\/servicios\/servicio-de-consultas\/\",\"name\":\"Service-conseil\",\"isPartOf\":{\"@id\":\"https:\/\/www.eduardbarcelo.com\/#website\"},\"datePublished\":\"2022-02-23T14:23:49+00:00\",\"dateModified\":\"2022-03-04T13:58:14+00:00\",\"breadcrumb\":{\"@id\":\"https:\/\/www.eduardbarcelo.com\/produits\/servicios\/servicio-de-consultas\/#breadcrumb\"},\"inLanguage\":\"fr-FR\",\"potentialAction\":[{\"@type\":\"ReadAction\",\"target\":[\"https:\/\/www.eduardbarcelo.com\/produits\/servicios\/servicio-de-consultas\/\"]}]},{\"@type\":\"BreadcrumbList\",\"@id\":\"https:\/\/www.eduardbarcelo.com\/produits\/servicios\/servicio-de-consultas\/#breadcrumb\",\"itemListElement\":[{\"@type\":\"ListItem\",\"position\":1,\"name\":\"Home\",\"item\":\"https:\/\/www.eduardbarcelo.com\/fr\/\"},{\"@type\":\"ListItem\",\"position\":2,\"name\":\"Produits\",\"item\":\"https:\/\/www.eduardbarcelo.com\/fr\/produits\/\"},{\"@type\":\"ListItem\",\"position\":3,\"name\":\"Service-conseil\"}]},{\"@type\":\"WebSite\",\"@id\":\"https:\/\/www.eduardbarcelo.com\/#website\",\"url\":\"https:\/\/www.eduardbarcelo.com\/\",\"name\":\"Eduard Barcel\u00f3 Training\",\"description\":\"Preparador f\u00edsico especializado en deportes de resistencia\",\"potentialAction\":[{\"@type\":\"SearchAction\",\"target\":{\"@type\":\"EntryPoint\",\"urlTemplate\":\"https:\/\/www.eduardbarcelo.com\/?s={search_term_string}\"},\"query-input\":{\"@type\":\"PropertyValueSpecification\",\"valueRequired\":true,\"valueName\":\"search_term_string\"}}],\"inLanguage\":\"fr-FR\"}]}<\/script>\n<!-- \/ Yoast SEO plugin. -->","yoast_head_json":{"title":"Service-conseil","robots":{"index":"index","follow":"follow","max-snippet":"max-snippet:-1","max-image-preview":"max-image-preview:large","max-video-preview":"max-video-preview:-1"},"canonical":"https:\/\/www.eduardbarcelo.com\/produits\/servicios\/servicio-de-consultas\/","og_locale":"fr_FR","og_type":"article","og_title":"Service-conseil","og_description":"Vous avez des questions sur votre plan d&rsquo;entrainement? Avez-vous besoin de consulter des concepts dont vous n&rsquo;\u00eates pas s\u00fbr? Vous souhaitez disposer d&rsquo;une heure compl\u00e8te pour lever des doutes sur la gestion d&rsquo;une comp\u00e9tition? Vous pouvez consulter tout cela et bien plus encore si vous contractez le service de consultation par vid\u00e9oconf\u00e9rence avec Eduard Barcel\u00f3. &hellip;","og_url":"https:\/\/www.eduardbarcelo.com\/produits\/servicios\/servicio-de-consultas\/","og_site_name":"Eduard Barcel\u00f3 Training","article_publisher":"https:\/\/www.facebook.com\/EBEntrenament","article_modified_time":"2022-03-04T13:58:14+00:00","twitter_card":"summary_large_image","twitter_misc":{"Dur\u00e9e de lecture estim\u00e9e":"1 minute"},"schema":{"@context":"https:\/\/schema.org","@graph":[{"@type":"WebPage","@id":"https:\/\/www.eduardbarcelo.com\/produits\/servicios\/servicio-de-consultas\/","url":"https:\/\/www.eduardbarcelo.com\/produits\/servicios\/servicio-de-consultas\/","name":"Service-conseil","isPartOf":{"@id":"https:\/\/www.eduardbarcelo.com\/#website"},"datePublished":"2022-02-23T14:23:49+00:00","dateModified":"2022-03-04T13:58:14+00:00","breadcrumb":{"@id":"https:\/\/www.eduardbarcelo.com\/produits\/servicios\/servicio-de-consultas\/#breadcrumb"},"inLanguage":"fr-FR","potentialAction":[{"@type":"ReadAction","target":["https:\/\/www.eduardbarcelo.com\/produits\/servicios\/servicio-de-consultas\/"]}]},{"@type":"BreadcrumbList","@id":"https:\/\/www.eduardbarcelo.com\/produits\/servicios\/servicio-de-consultas\/#breadcrumb","itemListElement":[{"@type":"ListItem","position":1,"name":"Home","item":"https:\/\/www.eduardbarcelo.com\/fr\/"},{"@type":"ListItem","position":2,"name":"Produits","item":"https:\/\/www.eduardbarcelo.com\/fr\/produits\/"},{"@type":"ListItem","position":3,"name":"Service-conseil"}]},{"@type":"WebSite","@id":"https:\/\/www.eduardbarcelo.com\/#website","url":"https:\/\/www.eduardbarcelo.com\/","name":"Eduard Barcel\u00f3 Training","description":"Preparador f\u00edsico especializado en deportes de resistencia","potentialAction":[{"@type":"SearchAction","target":{"@type":"EntryPoint","urlTemplate":"https:\/\/www.eduardbarcelo.com\/?s={search_term_string}"},"query-input":{"@type":"PropertyValueSpecification","valueRequired":true,"valueName":"search_term_string"}}],"inLanguage":"fr-FR"}]}},"_links":{"self":[{"href":"https:\/\/www.eduardbarcelo.com\/fr\/wp-json\/wp\/v2\/product\/15775","targetHints":{"allow":["GET"]}}],"collection":[{"href":"https:\/\/www.eduardbarcelo.com\/fr\/wp-json\/wp\/v2\/product"}],"about":[{"href":"https:\/\/www.eduardbarcelo.com\/fr\/wp-json\/wp\/v2\/types\/product"}],"wp:attachment":[{"href":"https:\/\/www.eduardbarcelo.com\/fr\/wp-json\/wp\/v2\/media?parent=15775"}],"wp:term":[{"taxonomy":"product_brand","embeddable":true,"href":"https:\/\/www.eduardbarcelo.com\/fr\/wp-json\/wp\/v2\/product_brand?post=15775"},{"taxonomy":"product_cat","embeddable":true,"href":"https:\/\/www.eduardbarcelo.com\/fr\/wp-json\/wp\/v2\/product_cat?post=15775"},{"taxonomy":"product_tag","embeddable":true,"href":"https:\/\/www.eduardbarcelo.com\/fr\/wp-json\/wp\/v2\/product_tag?post=15775"}],"curies":[{"name":"wp","href":"https:\/\/api.w.org\/{rel}","templated":true}]}}