{"id":15739,"date":"2022-02-22T15:59:47","date_gmt":"2022-02-22T14:59:47","guid":{"rendered":"https:\/\/www.eduardbarcelo.com\/politique-de-cookies\/"},"modified":"2022-12-13T14:03:05","modified_gmt":"2022-12-13T13:03:05","slug":"politique-de-cookies","status":"publish","type":"page","link":"https:\/\/www.eduardbarcelo.com\/fr\/politique-de-cookies\/","title":{"rendered":"Politique de cookies"},"content":{"rendered":"<p>Des cookies tiers et propres sont utilis\u00e9s sur ce site Web pour vous assurer une meilleure exp\u00e9rience de navigation, vous pouvez partager du contenu sur les r\u00e9seaux sociaux et pour que nous puissions obtenir des statistiques des UTILISATEURS.<\/p>\n<p>Vous pouvez emp\u00eacher le t\u00e9l\u00e9chargement de cookies via les param\u00e8tres de votre navigateur, emp\u00eachant ainsi le stockage des cookies sur votre appareil.<\/p>\n<p>En tant que propri\u00e9taire de ce site, je vous informe que nous n&rsquo;utilisons aucune information personnelle issue des cookies, nous ne faisons que des statistiques g\u00e9n\u00e9rales de visites qui n&rsquo;impliquent aucune information personnelle.<\/p>\n<p>Il est tr\u00e8s important que vous lisiez cette politique de cookies et compreniez que, si vous continuez \u00e0 naviguer, nous consid\u00e9rerons que vous acceptez son utilisation.<\/p>\n<p>Selon les termes inclus dans la loi 15\/2003, du 18 d\u00e9cembre, sur la protection des donn\u00e9es personnelles de la Principaut\u00e9 d&rsquo;Andorre, si vous continuez \u00e0 naviguer, vous donnerez votre consentement pour l&rsquo;utilisation des m\u00e9canismes susmentionn\u00e9s.<\/p>\n<h2>Entit\u00e9 responsable<\/h2>\n<p>L&rsquo;entit\u00e9 responsable de la collecte, du traitement et de l&rsquo;utilisation de vos donn\u00e9es personnelles, au sens \u00e9tabli par la Loi sur la protection des donn\u00e9es personnelles, est EB ENTENAMENT.<\/p>\n<h2>Que sont les cookies?<\/h2>\n<p>Les cookies sont un ensemble de donn\u00e9es qu&rsquo;un serveur d\u00e9pose dans le navigateur de l&rsquo;UTILISATEUR pour collecter des informations d&rsquo;enregistrement Internet standard et des informations sur le comportement des visiteurs d&rsquo;un site Web. En d&rsquo;autres termes, ce sont de petits fichiers texte qui sont stock\u00e9s sur le disque dur de l&rsquo;ordinateur et qui servent \u00e0 identifier l&rsquo;UTILISATEUR lorsqu&rsquo;il se connecte \u00e0 nouveau au site Web. Il a pour but d&rsquo;enregistrer la visite de l&rsquo;UTILISATEUR et de stocker certaines informations. Son utilisation est courante et fr\u00e9quente sur le Web car elle permet aux pages de fonctionner plus efficacement et d&rsquo;obtenir une plus grande personnalisation et analyse du comportement des UTILISATEURS.<\/p>\n<h2>Quels types de cookies existent?<\/h2>\n<p>Les cookies utilis\u00e9s sur notre site Web sont des cookies de session et de tiers, et nous permettent de stocker et d&rsquo;acc\u00e9der \u00e0 des informations relatives \u00e0 la langue, au type de navigateur utilis\u00e9 et \u00e0 d&rsquo;autres caract\u00e9ristiques g\u00e9n\u00e9rales pr\u00e9d\u00e9finies par l&rsquo;UTILISATEUR, ainsi que de surveiller et d&rsquo;analyser le activit\u00e9 qu&rsquo;il exerce, afin d&rsquo;introduire des am\u00e9liorations et de fournir nos services de mani\u00e8re plus efficace et personnalis\u00e9e.<\/p>\n<p>Les cookies, selon leur permanence, peuvent \u00eatre divis\u00e9s en cookies de session ou permanents. Les cookies de session expirent lorsque l&rsquo;UTILISATEUR ferme le navigateur. Les cookies permanents expirent en fonction du moment o\u00f9 l&rsquo;objectif pour lequel ils servent est atteint (par exemple, pour que l&rsquo;UTILISATEUR reste identifi\u00e9 dans les services EB ENTENAMENT) ou lorsqu&rsquo;ils sont supprim\u00e9s manuellement.<\/p>\n<h2>Cookies de performance<\/h2>\n<p>Ce type de cookie m\u00e9morise vos pr\u00e9f\u00e9rences pour les outils trouv\u00e9s dans les services, vous n&rsquo;avez donc pas \u00e0 reconfigurer le service \u00e0 chaque visite. A titre d&rsquo;exemple, cette typologie comprend : Les r\u00e9glages de volume des lecteurs vid\u00e9o ou son. Les vitesses de transmission vid\u00e9o compatibles avec votre navigateur. Objets stock\u00e9s dans le \u00ab\u00a0panier\u00a0\u00bb dans les services de commerce \u00e9lectronique tels que les magasins.<\/p>\n<h2>Cookies de g\u00e9olocalisation<\/h2>\n<p>Ces cookies sont utilis\u00e9s pour savoir dans quel pays vous vous trouvez lorsqu&rsquo;un service est demand\u00e9. Ce cookie est totalement anonyme et n&rsquo;est utilis\u00e9 que pour aider \u00e0 cibler le contenu sur votre emplacement.<\/p>\n<h2>Cookies d&rsquo;enregistrement<\/h2>\n<p>Les cookies d&rsquo;enregistrement sont g\u00e9n\u00e9r\u00e9s une fois que l&rsquo;UTILISATEUR s&rsquo;est enregistr\u00e9 ou a ensuite ouvert sa session, et sont utilis\u00e9s pour l&rsquo;identifier dans les services avec les objectifs suivants:<\/p>\n<p>Maintenir l&rsquo;UTILISATEUR identifi\u00e9 de telle mani\u00e8re que, s&rsquo;il ferme un service, le navigateur ou l&rsquo;ordinateur et \u00e0 un autre moment ou un autre jour r\u00e9int\u00e8gre ledit service, il continuera \u00e0 \u00eatre identifi\u00e9, facilitant ainsi sa navigation sans avoir \u00e0 s&rsquo;identifier de nouveau. Cette fonctionnalit\u00e9 peut \u00eatre supprim\u00e9e si l&rsquo;UTILISATEUR appuie sur la fonctionnalit\u00e9 [cerrar sesi\u00f3n], de sorte que ce cookie est supprim\u00e9 et la prochaine fois que l&rsquo;UTILISATEUR entrera dans le service, il devra se connecter pour \u00eatre identifi\u00e9.<\/p>\n<p>V\u00e9rifier si l&rsquo;UTILISATEUR est autoris\u00e9 \u00e0 acc\u00e9der \u00e0 certains services, par exemple pour participer \u00e0 un concours.<\/p>\n<p>De plus, certains services peuvent utiliser des connecteurs avec des r\u00e9seaux sociaux tels que Facebook ou Twitter. Lorsque l&rsquo;UTILISATEUR s&rsquo;inscrit \u00e0 un service avec des informations d&rsquo;identification d&rsquo;un r\u00e9seau social, il autorise le r\u00e9seau social \u00e0 stocker un cookie persistant qui m\u00e9morise son identit\u00e9 et lui garantit l&rsquo;acc\u00e8s aux services jusqu&rsquo;\u00e0 son expiration. L&rsquo;UTILISATEUR peut supprimer ce cookie et r\u00e9voquer l&rsquo;acc\u00e8s aux services via les r\u00e9seaux sociaux en mettant \u00e0 jour ses pr\u00e9f\u00e9rences dans le r\u00e9seau social sp\u00e9cifique.<\/p>\n<h2>Cookies analytiques<\/h2>\n<p>Chaque fois qu&rsquo;un UTILISATEUR visite un service, un outil d&rsquo;un fournisseur externe g\u00e9n\u00e8re un cookie analytique sur l&rsquo;ordinateur de l&rsquo;UTILISATEUR. Ce cookie, qui n&rsquo;est g\u00e9n\u00e9r\u00e9 que lors de la visite, servira lors des visites ult\u00e9rieures aux services EB ENTRENAMENT pour identifier anonymement le visiteur. Les principaux objectifs poursuivis sont:<\/p>\n<ul>\n<li>Permettre l&rsquo;identification anonyme des UTILISATEURS naviguant via le cookie (identifie les navigateurs et les appareils, pas les personnes) et donc la comptabilisation approximative du nombre de visiteurs et de leur \u00e9volution dans le temps.<\/li>\n<li>Identifiez de mani\u00e8re anonyme les contenus les plus visit\u00e9s et donc les plus attractifs pour les UTILISATEURS.<\/li>\n<li>Savoir si l&rsquo;UTILISATEUR qui acc\u00e8de est nouveau ou r\u00e9p\u00e8te sa visite.<\/li>\n<\/ul>\n<p>Important : A moins que l&rsquo;UTILISATEUR ne d\u00e9cide de s&rsquo;inscrire \u00e0 un service EB ENTENAMENT, le cookie ne sera jamais associ\u00e9 \u00e0 des donn\u00e9es personnelles permettant de l&rsquo;identifier. Ces cookies ne seront utilis\u00e9s qu&rsquo;\u00e0 des fins statistiques permettant d&rsquo;optimiser l&rsquo;exp\u00e9rience des UTILISATEURS sur le site.<\/p>\n<h2>Cookies publicitaires<\/h2>\n<p>Ce type de cookie permet d&rsquo;\u00e9largir les informations des publicit\u00e9s pr\u00e9sent\u00e9es \u00e0 chaque UTILISATEUR anonyme dans les services EB ENTRENAMENT. Entre autres, la dur\u00e9e ou la fr\u00e9quence d&rsquo;affichage des positions publicitaires, l&rsquo;interaction avec celles-ci, ou les mod\u00e8les de navigation et\/ou les comportements de l&rsquo;UTILISATEUR sont stock\u00e9s, car ils aident \u00e0 former un profil d&rsquo;int\u00e9r\u00eat publicitaire. De cette mani\u00e8re, ils permettent de proposer des publicit\u00e9s li\u00e9es aux int\u00e9r\u00eats de l&rsquo;UTILISATEUR.<\/p>\n<h2>Cookies publicitaires tiers<\/h2>\n<p>En plus de la publicit\u00e9 g\u00e9r\u00e9e par les sites Web EB ENTRENAMENT dans leurs services, les sites Web EB ENTRENAMENT offrent \u00e0 leurs annonceurs la possibilit\u00e9 de diffuser des annonces par l&rsquo;interm\u00e9diaire de tiers (\u00ab\u00a0Ad-Servers\u00a0\u00bb). De cette mani\u00e8re, ces tiers peuvent stocker des cookies envoy\u00e9s par les services EB ENTRENEMENT \u00e0 partir des navigateurs des UTILISATEURS, ainsi qu&rsquo;acc\u00e9der aux donn\u00e9es qui y sont stock\u00e9es.<\/p>\n<p>Les entreprises qui g\u00e9n\u00e8rent ces cookies ont leurs propres politiques de confidentialit\u00e9. Actuellement, les sites Web d&rsquo;EB ENTENAMENT utilisent la plate-forme DoubleClick (Google) pour g\u00e9rer ces services. Pour plus d&rsquo;informations, acc\u00e9dez \u00e0 la page des <a href=\"https:\/\/www.google.com\/adsense\/new\/localized-terms?gsessionid=kWRCXgJLUuP7UaH85DQk-CXCRKOyavDl\" target=\"_blank\" rel=\"noopener noreferrer\">Conditions d&rsquo;utilisation d&rsquo;AdSense en ligne<\/a>.<\/p>\n<h2>Comment puis-je d\u00e9sactiver les cookies dans mon navigateur?<\/h2>\n<p>Les diff\u00e9rents navigateurs peuvent \u00eatre configur\u00e9s pour informer l&rsquo;UTILISATEUR de la r\u00e9ception de cookies et, s&rsquo;il le souhaite, emp\u00eacher leur installation sur l&rsquo;ordinateur. De m\u00eame, l&rsquo;UTILISATEUR peut v\u00e9rifier dans son navigateur quels cookies il a install\u00e9s et quelle est leur dur\u00e9e d&rsquo;expiration, en pouvant les \u00e9liminer.<\/p>\n<p>Pour plus d&rsquo;informations, consultez les instructions et les manuels de votre navigateur:<\/p>\n<p>Pour plus d&rsquo;informations sur la gestion des cookies dans Google Chrome: <a href=\"https:\/\/support.google.com\/chrome\/answer\/95647?hl=es\" target=\"_blank\" rel=\"noopener noreferrer\">Supprimer, activer et g\u00e9rer les cookies dans Chrome<\/a><\/p>\n<p>Pour plus d&rsquo;informations sur la gestion des cookies dans Internet Explorer: <a href=\"https:\/\/support.microsoft.com\/es-es\/help\/17442\/windows-internet-explorer-delete-manage-cookies\" target=\"_blank\" rel=\"noopener noreferrer\">Supprimer et g\u00e9rer les cookies<\/a><\/p>\n<p>Pour plus d&rsquo;informations sur la gestion des cookies dans Mozilla Firefox: <a href=\"https:\/\/support.mozilla.org\/es\/kb\/habilitar-y-deshabilitar-cookies-sitios-web-rastrear-preferencias?redirectlocale=es&amp;redirectslug=habilitar-y-deshabilitar-cookies-que-los-sitios-we\" target=\"_blank\" rel=\"noopener noreferrer\">Activation et d\u00e9sactivation des cookies que les sites Web utilisent pour suivre vos pr\u00e9f\u00e9rences<\/a><\/p>\n<p>Pour plus d&rsquo;informations sur la gestion des cookies dans Safari: <a href=\"https:\/\/support.apple.com\/es-es\/HT201265\" target=\"_blank\" rel=\"noopener noreferrer\">Effacer l&rsquo;historique et les cookies de Safari sur iPhone, iPad ou iPod touch<\/a><\/p>\n<p>Pour plus d&rsquo;informations sur la gestion des cookies dans Opera: <a href=\"https:\/\/help.opera.com\/en\/latest\/web-preferences\/#cookies\" target=\"_blank\" rel=\"noopener noreferrer\">G\u00e9rer les cookies dans les pages<\/a><\/p>\n<p>Si vous souhaitez ne plus \u00eatre suivi par Google Analytics, visitez: <a href=\"https:\/\/tools.google.com\/dlpage\/gaoptout\" target=\"_blank\" rel=\"noopener noreferrer\">Module compl\u00e9mentaire de navigateur pour la d\u00e9sactivation de Google Analytics<\/a><\/p>\n<h2>En savoir plus sur les cookies<\/h2>\n<p>Vous pouvez en savoir plus sur la publicit\u00e9 comportementale en ligne et la confidentialit\u00e9 en ligne sur le lien suivant: <a href=\"https:\/\/www.youronlinechoices.com\/es\/\" target=\"_blank\" rel=\"noopener noreferrer\">Vos choix en ligne<\/a>.<\/p>\n<p>Protection des donn\u00e9es Google Analytics: <a href=\"https:\/\/marketingplatform.google.com\/about\/analytics\/terms\/us\/\" target=\"_blank\" rel=\"noopener noreferrer\">Conditions d&rsquo;utilisation de Google Analytics<\/a><\/p>\n<p>Comment Google Analytics utilise les cookies: <a href=\"https:\/\/developers.google.com\/analytics\/devguides\/collection\/analyticsjs\/cookie-usage?hl=es#analyticsjs\" target=\"_blank\" rel=\"noopener noreferrer\">Utilisation des cookies: gtag.js et analytics.js<\/a><\/p>\n<h2>Mises \u00e0 jour et modifications de la politique de confidentialit\u00e9 \/ cookies<\/h2>\n<p>Les sites Web d&rsquo;EB ENTRENAMENT peuvent modifier cette politique de cookies en fonction d&rsquo;exigences l\u00e9gislatives ou r\u00e9glementaires, ou afin d&rsquo;adapter ladite politique aux instructions \u00e9mises par l&rsquo;Agence andorrane de protection des donn\u00e9es, il est donc conseill\u00e9 aux UTILISATEURS de la visiter p\u00e9riodiquement.<\/p>\n<p>Lorsque des modifications importantes se produisent dans cette politique de cookies, celles-ci seront communiqu\u00e9es aux UTILISATEURS soit via le Web, soit par e-mail aux UTILISATEURS enregistr\u00e9s.<\/p>\n","protected":false},"excerpt":{"rendered":"<p>Des cookies tiers et propres sont utilis\u00e9s sur ce site Web pour vous assurer une meilleure exp\u00e9rience de navigation, vous pouvez partager du contenu sur les r\u00e9seaux sociaux et pour que nous puissions obtenir des statistiques des UTILISATEURS. Vous pouvez emp\u00eacher le t\u00e9l\u00e9chargement de cookies via les param\u00e8tres de votre navigateur, emp\u00eachant ainsi le stockage &hellip; <\/p>\n","protected":false},"author":2,"featured_media":0,"parent":0,"menu_order":0,"comment_status":"closed","ping_status":"closed","template":"","meta":{"footnotes":""},"class_list":["post-15739","page","type-page","status-publish","hentry"],"yoast_head":"<!-- This site is optimized with the Yoast SEO plugin v27.2 - https:\/\/yoast.com\/product\/yoast-seo-wordpress\/ -->\n<title>Politique de cookies<\/title>\n<meta name=\"robots\" content=\"index, follow, max-snippet:-1, max-image-preview:large, max-video-preview:-1\" \/>\n<link rel=\"canonical\" href=\"https:\/\/www.eduardbarcelo.com\/fr\/politique-de-cookies\/\" \/>\n<meta property=\"og:locale\" content=\"fr_FR\" \/>\n<meta property=\"og:type\" content=\"article\" \/>\n<meta property=\"og:title\" content=\"Politique de cookies\" \/>\n<meta property=\"og:description\" content=\"Des cookies tiers et propres sont utilis\u00e9s sur ce site Web pour vous assurer une meilleure exp\u00e9rience de navigation, vous pouvez partager du contenu sur les r\u00e9seaux sociaux et pour que nous puissions obtenir des statistiques des UTILISATEURS. Vous pouvez emp\u00eacher le t\u00e9l\u00e9chargement de cookies via les param\u00e8tres de votre navigateur, emp\u00eachant ainsi le stockage &hellip;\" \/>\n<meta property=\"og:url\" content=\"https:\/\/www.eduardbarcelo.com\/fr\/politique-de-cookies\/\" \/>\n<meta property=\"og:site_name\" content=\"Eduard Barcel\u00f3 Training\" \/>\n<meta property=\"article:publisher\" content=\"https:\/\/www.facebook.com\/EBEntrenament\" \/>\n<meta property=\"article:modified_time\" content=\"2022-12-13T13:03:05+00:00\" \/>\n<meta name=\"twitter:card\" content=\"summary_large_image\" \/>\n<meta name=\"twitter:label1\" content=\"Dur\u00e9e de lecture estim\u00e9e\" \/>\n\t<meta name=\"twitter:data1\" content=\"7 minutes\" \/>\n<script type=\"application\/ld+json\" class=\"yoast-schema-graph\">{\"@context\":\"https:\/\/schema.org\",\"@graph\":[{\"@type\":\"WebPage\",\"@id\":\"https:\/\/www.eduardbarcelo.com\/fr\/politique-de-cookies\/\",\"url\":\"https:\/\/www.eduardbarcelo.com\/fr\/politique-de-cookies\/\",\"name\":\"Politique de cookies\",\"isPartOf\":{\"@id\":\"https:\/\/www.eduardbarcelo.com\/#website\"},\"datePublished\":\"2022-02-22T14:59:47+00:00\",\"dateModified\":\"2022-12-13T13:03:05+00:00\",\"breadcrumb\":{\"@id\":\"https:\/\/www.eduardbarcelo.com\/fr\/politique-de-cookies\/#breadcrumb\"},\"inLanguage\":\"fr-FR\",\"potentialAction\":[{\"@type\":\"ReadAction\",\"target\":[\"https:\/\/www.eduardbarcelo.com\/fr\/politique-de-cookies\/\"]}]},{\"@type\":\"BreadcrumbList\",\"@id\":\"https:\/\/www.eduardbarcelo.com\/fr\/politique-de-cookies\/#breadcrumb\",\"itemListElement\":[{\"@type\":\"ListItem\",\"position\":1,\"name\":\"Home\",\"item\":\"https:\/\/www.eduardbarcelo.com\/fr\/\"},{\"@type\":\"ListItem\",\"position\":2,\"name\":\"Politique de cookies\"}]},{\"@type\":\"WebSite\",\"@id\":\"https:\/\/www.eduardbarcelo.com\/#website\",\"url\":\"https:\/\/www.eduardbarcelo.com\/\",\"name\":\"Eduard Barcel\u00f3 Training\",\"description\":\"Preparador f\u00edsico especializado en deportes de resistencia\",\"potentialAction\":[{\"@type\":\"SearchAction\",\"target\":{\"@type\":\"EntryPoint\",\"urlTemplate\":\"https:\/\/www.eduardbarcelo.com\/?s={search_term_string}\"},\"query-input\":{\"@type\":\"PropertyValueSpecification\",\"valueRequired\":true,\"valueName\":\"search_term_string\"}}],\"inLanguage\":\"fr-FR\"}]}<\/script>\n<!-- \/ Yoast SEO plugin. -->","yoast_head_json":{"title":"Politique de cookies","robots":{"index":"index","follow":"follow","max-snippet":"max-snippet:-1","max-image-preview":"max-image-preview:large","max-video-preview":"max-video-preview:-1"},"canonical":"https:\/\/www.eduardbarcelo.com\/fr\/politique-de-cookies\/","og_locale":"fr_FR","og_type":"article","og_title":"Politique de cookies","og_description":"Des cookies tiers et propres sont utilis\u00e9s sur ce site Web pour vous assurer une meilleure exp\u00e9rience de navigation, vous pouvez partager du contenu sur les r\u00e9seaux sociaux et pour que nous puissions obtenir des statistiques des UTILISATEURS. Vous pouvez emp\u00eacher le t\u00e9l\u00e9chargement de cookies via les param\u00e8tres de votre navigateur, emp\u00eachant ainsi le stockage &hellip;","og_url":"https:\/\/www.eduardbarcelo.com\/fr\/politique-de-cookies\/","og_site_name":"Eduard Barcel\u00f3 Training","article_publisher":"https:\/\/www.facebook.com\/EBEntrenament","article_modified_time":"2022-12-13T13:03:05+00:00","twitter_card":"summary_large_image","twitter_misc":{"Dur\u00e9e de lecture estim\u00e9e":"7 minutes"},"schema":{"@context":"https:\/\/schema.org","@graph":[{"@type":"WebPage","@id":"https:\/\/www.eduardbarcelo.com\/fr\/politique-de-cookies\/","url":"https:\/\/www.eduardbarcelo.com\/fr\/politique-de-cookies\/","name":"Politique de cookies","isPartOf":{"@id":"https:\/\/www.eduardbarcelo.com\/#website"},"datePublished":"2022-02-22T14:59:47+00:00","dateModified":"2022-12-13T13:03:05+00:00","breadcrumb":{"@id":"https:\/\/www.eduardbarcelo.com\/fr\/politique-de-cookies\/#breadcrumb"},"inLanguage":"fr-FR","potentialAction":[{"@type":"ReadAction","target":["https:\/\/www.eduardbarcelo.com\/fr\/politique-de-cookies\/"]}]},{"@type":"BreadcrumbList","@id":"https:\/\/www.eduardbarcelo.com\/fr\/politique-de-cookies\/#breadcrumb","itemListElement":[{"@type":"ListItem","position":1,"name":"Home","item":"https:\/\/www.eduardbarcelo.com\/fr\/"},{"@type":"ListItem","position":2,"name":"Politique de cookies"}]},{"@type":"WebSite","@id":"https:\/\/www.eduardbarcelo.com\/#website","url":"https:\/\/www.eduardbarcelo.com\/","name":"Eduard Barcel\u00f3 Training","description":"Preparador f\u00edsico especializado en deportes de resistencia","potentialAction":[{"@type":"SearchAction","target":{"@type":"EntryPoint","urlTemplate":"https:\/\/www.eduardbarcelo.com\/?s={search_term_string}"},"query-input":{"@type":"PropertyValueSpecification","valueRequired":true,"valueName":"search_term_string"}}],"inLanguage":"fr-FR"}]}},"_links":{"self":[{"href":"https:\/\/www.eduardbarcelo.com\/fr\/wp-json\/wp\/v2\/pages\/15739","targetHints":{"allow":["GET"]}}],"collection":[{"href":"https:\/\/www.eduardbarcelo.com\/fr\/wp-json\/wp\/v2\/pages"}],"about":[{"href":"https:\/\/www.eduardbarcelo.com\/fr\/wp-json\/wp\/v2\/types\/page"}],"author":[{"embeddable":true,"href":"https:\/\/www.eduardbarcelo.com\/fr\/wp-json\/wp\/v2\/users\/2"}],"replies":[{"embeddable":true,"href":"https:\/\/www.eduardbarcelo.com\/fr\/wp-json\/wp\/v2\/comments?post=15739"}],"version-history":[{"count":2,"href":"https:\/\/www.eduardbarcelo.com\/fr\/wp-json\/wp\/v2\/pages\/15739\/revisions"}],"predecessor-version":[{"id":18266,"href":"https:\/\/www.eduardbarcelo.com\/fr\/wp-json\/wp\/v2\/pages\/15739\/revisions\/18266"}],"wp:attachment":[{"href":"https:\/\/www.eduardbarcelo.com\/fr\/wp-json\/wp\/v2\/media?parent=15739"}],"curies":[{"name":"wp","href":"https:\/\/api.w.org\/{rel}","templated":true}]}}