{"id":5829,"date":"2019-12-09T04:45:16","date_gmt":"2019-12-09T03:45:16","guid":{"rendered":"https:\/\/www.eduardbarcelo.com\/?post_type=product&#038;p=5829"},"modified":"2022-03-04T14:56:02","modified_gmt":"2022-03-04T13:56:02","slug":"servicio-de-consultas","status":"publish","type":"product","link":"https:\/\/www.eduardbarcelo.com\/ca\/productes\/serveis\/servicio-de-consultas\/","title":{"rendered":"Servicio de consultas"},"content":{"rendered":"<p>\u00bfTienes dudas sobre tu <a href=\"https:\/\/www.eduardbarcelo.com\/planes-de-entrenamiento\/\">plan de entrenamiento<\/a>? \u00bfNecesitas consultar conceptos que no tienes claros? \u00bfTe gustar\u00eda disponer de una hora completa para resolver dudas sobre la gesti\u00f3n de una competici\u00f3n? Todo esto y mucho m\u00e1s podr\u00e1s consultar si contratas el servicio de consultas por videoconferencia con Eduard Barcel\u00f3.<\/p>\n<p>Una vez hayas contratado el servicio, nos pondremos en contacto contigo a trav\u00e9s del correo electr\u00f3nico que nos facilites al finalizar la compra para concertar d\u00eda, hora y soporte (Skype o Facetime).<\/p>\n<p>Te recomendamos que antes del encuentro prepares un gui\u00f3n con todas las preguntas que quieras realizar con el fin de aprovechar al m\u00e1ximo el servicio.<\/p>\n<p style=\"margin:25px 0 50px;color:#0a8091;\">\n<i class=\"fas fa-exclamation-circle\" style=\"font-size:22px;\"><\/i><br \/>\nEste servicio de consultas por videoconferencia \u00fanicamente est\u00e1 disponible en los siguientes idiomas:  <strong>Catal\u00e1n<\/strong>, <strong>Castellano<\/strong>, <strong>Ingl\u00e9s<\/strong> y <strong>Franc\u00e9s<\/strong>.<\/p>\n","protected":false},"excerpt":{"rendered":"<p>\u00bfTienes dudas sobre tu plan de entrenamiento? \u00bfNecesitas consultar conceptos que no tienes claros? \u00bfTe gustar\u00eda disponer de una hora completa para resolver dudas sobre la gesti\u00f3n de una competici\u00f3n? Todo esto y mucho m\u00e1s podr\u00e1s consultar si contratas el servicio de consultas por videoconferencia con Eduard Barcel\u00f3. Una vez hayas contratado el servicio, nos &hellip; <\/p>\n","protected":false},"featured_media":0,"template":"","meta":[],"product_brand":[],"product_cat":[106],"product_tag":[],"class_list":{"0":"post-5829","1":"product","2":"type-product","3":"status-publish","5":"product_cat-servicios","7":"first","8":"instock","9":"virtual","10":"sold-individually","11":"purchasable","12":"product-type-simple"},"yoast_head":"<!-- This site is optimized with the Yoast SEO plugin v27.2 - https:\/\/yoast.com\/product\/yoast-seo-wordpress\/ -->\n<title>Servicio de consultas<\/title>\n<meta name=\"robots\" content=\"index, follow, max-snippet:-1, max-image-preview:large, max-video-preview:-1\" \/>\n<link rel=\"canonical\" href=\"https:\/\/www.eduardbarcelo.com\/productos\/servicios\/servicio-de-consultas\/\" \/>\n<meta property=\"og:locale\" content=\"ca_ES\" \/>\n<meta property=\"og:type\" content=\"article\" \/>\n<meta property=\"og:title\" content=\"Servicio de consultas\" \/>\n<meta property=\"og:description\" content=\"\u00bfTienes dudas sobre tu plan de entrenamiento? \u00bfNecesitas consultar conceptos que no tienes claros? \u00bfTe gustar\u00eda disponer de una hora completa para resolver dudas sobre la gesti\u00f3n de una competici\u00f3n? Todo esto y mucho m\u00e1s podr\u00e1s consultar si contratas el servicio de consultas por videoconferencia con Eduard Barcel\u00f3. Una vez hayas contratado el servicio, nos &hellip;\" \/>\n<meta property=\"og:url\" content=\"https:\/\/www.eduardbarcelo.com\/productos\/servicios\/servicio-de-consultas\/\" \/>\n<meta property=\"og:site_name\" content=\"Eduard Barcel\u00f3 Training\" \/>\n<meta property=\"article:publisher\" content=\"https:\/\/www.facebook.com\/EBEntrenament\" \/>\n<meta property=\"article:modified_time\" content=\"2022-03-04T13:56:02+00:00\" \/>\n<meta name=\"twitter:card\" content=\"summary_large_image\" \/>\n<meta name=\"twitter:label1\" content=\"Temps estimat de lectura\" \/>\n\t<meta name=\"twitter:data1\" content=\"1 minut\" \/>\n<script type=\"application\/ld+json\" class=\"yoast-schema-graph\">{\"@context\":\"https:\/\/schema.org\",\"@graph\":[{\"@type\":\"WebPage\",\"@id\":\"https:\/\/www.eduardbarcelo.com\/productos\/servicios\/servicio-de-consultas\/\",\"url\":\"https:\/\/www.eduardbarcelo.com\/productos\/servicios\/servicio-de-consultas\/\",\"name\":\"Servicio de consultas\",\"isPartOf\":{\"@id\":\"https:\/\/www.eduardbarcelo.com\/#website\"},\"datePublished\":\"2019-12-09T03:45:16+00:00\",\"dateModified\":\"2022-03-04T13:56:02+00:00\",\"breadcrumb\":{\"@id\":\"https:\/\/www.eduardbarcelo.com\/productos\/servicios\/servicio-de-consultas\/#breadcrumb\"},\"inLanguage\":\"ca\",\"potentialAction\":[{\"@type\":\"ReadAction\",\"target\":[\"https:\/\/www.eduardbarcelo.com\/productos\/servicios\/servicio-de-consultas\/\"]}]},{\"@type\":\"BreadcrumbList\",\"@id\":\"https:\/\/www.eduardbarcelo.com\/productos\/servicios\/servicio-de-consultas\/#breadcrumb\",\"itemListElement\":[{\"@type\":\"ListItem\",\"position\":1,\"name\":\"Home\",\"item\":\"https:\/\/www.eduardbarcelo.com\/ca\/\"},{\"@type\":\"ListItem\",\"position\":2,\"name\":\"Productes\",\"item\":\"https:\/\/www.eduardbarcelo.com\/ca\/productes\/\"},{\"@type\":\"ListItem\",\"position\":3,\"name\":\"Servicio de consultas\"}]},{\"@type\":\"WebSite\",\"@id\":\"https:\/\/www.eduardbarcelo.com\/#website\",\"url\":\"https:\/\/www.eduardbarcelo.com\/\",\"name\":\"Eduard Barcel\u00f3 Training\",\"description\":\"Preparador f\u00edsico especializado en deportes de resistencia\",\"potentialAction\":[{\"@type\":\"SearchAction\",\"target\":{\"@type\":\"EntryPoint\",\"urlTemplate\":\"https:\/\/www.eduardbarcelo.com\/?s={search_term_string}\"},\"query-input\":{\"@type\":\"PropertyValueSpecification\",\"valueRequired\":true,\"valueName\":\"search_term_string\"}}],\"inLanguage\":\"ca\"}]}<\/script>\n<!-- \/ Yoast SEO plugin. -->","yoast_head_json":{"title":"Servicio de consultas","robots":{"index":"index","follow":"follow","max-snippet":"max-snippet:-1","max-image-preview":"max-image-preview:large","max-video-preview":"max-video-preview:-1"},"canonical":"https:\/\/www.eduardbarcelo.com\/productos\/servicios\/servicio-de-consultas\/","og_locale":"ca_ES","og_type":"article","og_title":"Servicio de consultas","og_description":"\u00bfTienes dudas sobre tu plan de entrenamiento? \u00bfNecesitas consultar conceptos que no tienes claros? \u00bfTe gustar\u00eda disponer de una hora completa para resolver dudas sobre la gesti\u00f3n de una competici\u00f3n? Todo esto y mucho m\u00e1s podr\u00e1s consultar si contratas el servicio de consultas por videoconferencia con Eduard Barcel\u00f3. Una vez hayas contratado el servicio, nos &hellip;","og_url":"https:\/\/www.eduardbarcelo.com\/productos\/servicios\/servicio-de-consultas\/","og_site_name":"Eduard Barcel\u00f3 Training","article_publisher":"https:\/\/www.facebook.com\/EBEntrenament","article_modified_time":"2022-03-04T13:56:02+00:00","twitter_card":"summary_large_image","twitter_misc":{"Temps estimat de lectura":"1 minut"},"schema":{"@context":"https:\/\/schema.org","@graph":[{"@type":"WebPage","@id":"https:\/\/www.eduardbarcelo.com\/productos\/servicios\/servicio-de-consultas\/","url":"https:\/\/www.eduardbarcelo.com\/productos\/servicios\/servicio-de-consultas\/","name":"Servicio de consultas","isPartOf":{"@id":"https:\/\/www.eduardbarcelo.com\/#website"},"datePublished":"2019-12-09T03:45:16+00:00","dateModified":"2022-03-04T13:56:02+00:00","breadcrumb":{"@id":"https:\/\/www.eduardbarcelo.com\/productos\/servicios\/servicio-de-consultas\/#breadcrumb"},"inLanguage":"ca","potentialAction":[{"@type":"ReadAction","target":["https:\/\/www.eduardbarcelo.com\/productos\/servicios\/servicio-de-consultas\/"]}]},{"@type":"BreadcrumbList","@id":"https:\/\/www.eduardbarcelo.com\/productos\/servicios\/servicio-de-consultas\/#breadcrumb","itemListElement":[{"@type":"ListItem","position":1,"name":"Home","item":"https:\/\/www.eduardbarcelo.com\/ca\/"},{"@type":"ListItem","position":2,"name":"Productes","item":"https:\/\/www.eduardbarcelo.com\/ca\/productes\/"},{"@type":"ListItem","position":3,"name":"Servicio de consultas"}]},{"@type":"WebSite","@id":"https:\/\/www.eduardbarcelo.com\/#website","url":"https:\/\/www.eduardbarcelo.com\/","name":"Eduard Barcel\u00f3 Training","description":"Preparador f\u00edsico especializado en deportes de resistencia","potentialAction":[{"@type":"SearchAction","target":{"@type":"EntryPoint","urlTemplate":"https:\/\/www.eduardbarcelo.com\/?s={search_term_string}"},"query-input":{"@type":"PropertyValueSpecification","valueRequired":true,"valueName":"search_term_string"}}],"inLanguage":"ca"}]}},"_links":{"self":[{"href":"https:\/\/www.eduardbarcelo.com\/ca\/wp-json\/wp\/v2\/product\/5829","targetHints":{"allow":["GET"]}}],"collection":[{"href":"https:\/\/www.eduardbarcelo.com\/ca\/wp-json\/wp\/v2\/product"}],"about":[{"href":"https:\/\/www.eduardbarcelo.com\/ca\/wp-json\/wp\/v2\/types\/product"}],"wp:attachment":[{"href":"https:\/\/www.eduardbarcelo.com\/ca\/wp-json\/wp\/v2\/media?parent=5829"}],"wp:term":[{"taxonomy":"product_brand","embeddable":true,"href":"https:\/\/www.eduardbarcelo.com\/ca\/wp-json\/wp\/v2\/product_brand?post=5829"},{"taxonomy":"product_cat","embeddable":true,"href":"https:\/\/www.eduardbarcelo.com\/ca\/wp-json\/wp\/v2\/product_cat?post=5829"},{"taxonomy":"product_tag","embeddable":true,"href":"https:\/\/www.eduardbarcelo.com\/ca\/wp-json\/wp\/v2\/product_tag?post=5829"}],"curies":[{"name":"wp","href":"https:\/\/api.w.org\/{rel}","templated":true}]}}