{"id":18269,"date":"2022-12-13T14:10:48","date_gmt":"2022-12-13T13:10:48","guid":{"rendered":"https:\/\/www.eduardbarcelo.com\/?page_id=18269"},"modified":"2022-12-13T14:11:34","modified_gmt":"2022-12-13T13:11:34","slug":"politica-de-cookies","status":"publish","type":"page","link":"https:\/\/www.eduardbarcelo.com\/ca\/politica-de-cookies\/","title":{"rendered":"Pol\u00edtica de Cookies"},"content":{"rendered":"<p>En aquesta web s&#8217;utilitzen cookies de tercers i pr\u00f2pies per aconseguir que tinguis una millor experi\u00e8ncia de navegaci\u00f3, puguis compartir contingut a xarxes socials i perqu\u00e8 puguem obtenir estad\u00edstiques dels USUARIS.<\/p>\n<p>Pots evitar la desc\u00e0rrega de cookies a trav\u00e9s de la configuraci\u00f3 del teu navegador, evitant que les cookies s&#8217;emmagatzemin al dispositiu.<\/p>\n<p>Com a propietari d&#8217;aquest lloc web, us comunic que no utilitzem cap informaci\u00f3 personal procedent de cookies, nom\u00e9s realitzem estad\u00edstiques generals de visites que no suposen cap informaci\u00f3 personal.<\/p>\n<p>\u00c9s molt important que llegeixis aquesta pol\u00edtica de cookies i comprenguis que, si continues navegant, considerarem que n&#8217;acceptes l&#8217;\u00fas.<\/p>\n<p>Segons els termes inclosos a la Llei 15\/2003, de 18 de desembre, de protecci\u00f3 de dades personals del Principat d&#8217;Andorra, si continues navegant, estar\u00e0s prestant el teu consentiment per a l&#8217;\u00fas dels mecanismes esmentats.<\/p>\n<h2>Entitat Responsable<\/h2>\n<p>L&#8217;entitat responsable de la recollida, el processament i la utilitzaci\u00f3 de les teves dades personals, en el sentit establert per la Llei de Protecci\u00f3 de Dades Personals \u00e9s EB ENTRENAMENT.<\/p>\n<h2>Qu\u00e8 s\u00f3n les cookies?<\/h2>\n<p>Les cookies s\u00f3n un conjunt de dades que un servidor diposita al navegador de l&#8217;USUARI per recollir la informaci\u00f3 de registre est\u00e0ndard d&#8217;Internet i la informaci\u00f3 del comportament dels visitants en un lloc web. \u00c9s a dir, es tracta de petits fitxers de text que queden emmagatzemats al disc dur de l&#8217;ordinador i que serveixen per identificar l&#8217;USUARI quan es connecta novament al lloc web. El seu objectiu \u00e9s enregistrar la visita de l&#8217;USUARI i guardar certa informaci\u00f3. El seu \u00fas \u00e9s com\u00fa i freq\u00fcent a la web ja que permet a les p\u00e0gines funcionar de manera m\u00e9s eficient i aconseguir m\u00e9s personalitzaci\u00f3 i an\u00e0lisi sobre el comportament de l&#8217;USUARI.<\/p>\n<h2>Quins tipus de cookies existeixen?<\/h2>\n<p>Les cookies utilitzades al nostre lloc web, s\u00f3n de sessi\u00f3 i de tercers, i ens permeten emmagatzemar i accedir a informaci\u00f3 relativa a l&#8217;idioma, el tipus de navegador utilitzat, i altres caracter\u00edstiques generals predefinides per l&#8217;USUARI, aix\u00ed com seguir i analitzar l&#8217;activitat que duu a terme, per tal d&#8217;introduir millores i prestar els nostres serveis d&#8217;una manera m\u00e9s eficient i personalitzada.<\/p>\n<p>Les cookies, en funci\u00f3 de la seva perman\u00e8ncia, poden dividir-se en cookies de sessi\u00f3 o permanents. Les cookies de sessi\u00f3 expiren quan l&#8217;USUARI tanca el navegador. Les cookies permanents expiren en funci\u00f3 de quan es compleixi l&#8217;objectiu per al que serveixen (per exemple, perqu\u00e8 l&#8217;USUARI es mantingui identificat als serveis d&#8217;EB ENTRENAMENT) o b\u00e9 quan s&#8217;esborren manualment.<\/p>\n<h2>Cookies de rendiment<\/h2>\n<p>Aquest tipus de Cookie recorda les seves prefer\u00e8ncies per a les eines que es troben als serveis, per la qual cosa no ha de tornar a configurar el servei cada vegada que visiteu. A tall d&#8217;exemple, en aquesta tipologia s&#8217;inclouen: Configuraci\u00f3 de volum de reproductors de v\u00eddeo o so. Les velocitats de transmissi\u00f3 de v\u00eddeo que siguin compatibles amb el vostre navegador. Els objectes guardats al &#8220;carret de la compra&#8221; en els serveis d&#8217;e-commerce com ara botigues.<\/p>\n<h2>Cookies de geo-localitzaci\u00f3<\/h2>\n<p>Aquestes cookies s\u00f3n utilitzades per esbrinar a quin pa\u00eds es troba quan se sol\u00b7licita un servei. Aquesta cookie \u00e9s totalment an\u00f2nima, i nom\u00e9s s&#8217;utilitza per ajudar a orientar el contingut a la vostra ubicaci\u00f3.<\/p>\n<h2>Cookies de registre<\/h2>\n<p>Les cookies de registre es generen una vegada que l&#8217;USUARI s&#8217;ha registrat o posteriorment ha obert la sessi\u00f3, i s&#8217;utilitzen per identificar-lo als serveis amb els objectius seg\u00fcents:<\/p>\n<p>Mantenir l&#8217;USUARI identificat de manera que, si tanqueu un servei, el navegador o l&#8217;ordinador i en un altre moment o un altre dia torneu a entrar en aquest servei, seguireu identificat, facilitant aix\u00ed la vostra navegaci\u00f3 sense haver de tornar a identificar-vos. Aquesta funcionalitat es pot suprimir si l&#8217;USUARI prem la funcionalitat [tancar sessi\u00f3], de manera que aquesta cookie s&#8217;elimina i la propera vegada que entri al servei l&#8217;USUARI haur\u00e0 d&#8217;iniciar sessi\u00f3 per estar identificat.<\/p>\n<p>Comproveu si l&#8217;USUARI est\u00e0 autoritzat per accedir a certs serveis, per exemple, per participar en un concurs.<\/p>\n<p>Addicionalment, alguns serveis poden utilitzar connectors amb xarxes socials com Facebook o Twitter. Quan l&#8217;USUARI es registra en un servei amb credencials d&#8217;una xarxa social, autoritza la xarxa social a guardar una cookie persistent que recorda la seva identitat i li garanteix acc\u00e9s als serveis fins que expira. L&#8217;USUARI pot esborrar aquesta cookie i revocar l&#8217;acc\u00e9s als serveis mitjan\u00e7ant xarxes socials actualitzant les seves prefer\u00e8ncies a la xarxa social que espec\u00edfica.<\/p>\n<h2>Cookies d&#8217;anal\u00edtiques<\/h2>\n<p>Cada vegada que un USUARI visita un servei, una eina d&#8217;un prove\u00efdor extern genera una cookie anal\u00edtica a l&#8217;ordinador de l&#8217;USUARI. Aquesta cookie que nom\u00e9s es genera a la visita, servir\u00e0 en properes visites als serveis d&#8217;EB ENTRENAMENT per identificar de manera an\u00f2nima el visitant. Els objectius principals que es persegueixen s\u00f3n:<\/p>\n<ul>\n<li>Permetre la identificaci\u00f3 an\u00f2nima dels USUARIS navegants a trav\u00e9s de la cookie (identifica navegadors i dispositius, no persones) i per tant la comptabilitzaci\u00f3 aproximada del nombre de visitants i la seva tend\u00e8ncia en el temps.<\/li>\n<li>Identificar de forma an\u00f2nima els continguts m\u00e9s visitats i per tant m\u00e9s atractius per als USUARIS.<\/li>\n<li>Saber si l&#8217;USUARI que est\u00e0 accedint \u00e9s nou o repeteix visita.<\/li>\n<\/ul>\n<p>Important: Llevat que l&#8217;USUARI decideixi registrar-se en un servei d&#8217;EB ENTRENAMENT, la cookie mai no anir\u00e0 associada a cap dada de car\u00e0cter personal que pugui identificar-lo. Aquestes cookies nom\u00e9s seran utilitzades amb prop\u00f2sits estad\u00edstics que ajudin a l&#8217;optimitzaci\u00f3 de l&#8217;experi\u00e8ncia dels USUARIS al lloc.<\/p>\n<h2>Cookies de publicitat<\/h2>\n<p>Aquest tipus de cookies permeten ampliar la informaci\u00f3 dels anuncis mostrats a cada USUARI an\u00f2nim als serveis d&#8217;EB ENTRENAMENT. Entre altres, s&#8217;emmagatzema la durada o la freq\u00fc\u00e8ncia de visualitzaci\u00f3 de posicions publicit\u00e0ries, la interacci\u00f3 amb aquestes, o els patrons de navegaci\u00f3 i\/o comportaments de l&#8217;USUARI ja que ajuden a conformar un perfil d&#8217;inter\u00e8s publicitari. D&#8217;aquesta manera permeten oferir publicitat af\u00ed als interessos de l&#8217;USUARI.<\/p>\n<h2>Cookies publicit\u00e0ries de tercers<\/h2>\n<p>A m\u00e9s de la publicitat gestionada pels webs d&#8217;EB ENTRENAMENT als seus serveis, els webs d&#8217;EB ENTRENAMENT ofereixen als seus anunciants l&#8217;opci\u00f3 de servir anuncis a trav\u00e9s de tercers (&#8220;Ad-Servers&#8221;). D&#8217;aquesta manera, aquests tercers poden emmagatzemar cookies enviades des dels serveis d&#8217;EB ENTRENAMENT procedents dels navegadors dels USUARIS, aix\u00ed com accedir a les dades que s&#8217;hi guarden.<\/p>\n<p>Les empreses que generen aquestes cookies tenen les seves pr\u00f2pies pol\u00edtiques de privadesa. Actualment, les webs d&#8217;EB ENTRENAMENT utilitzen la plataforma DoubleClick (Google) per gestionar aquests serveis. Per a m\u00e9s informaci\u00f3, aneu a la p\u00e0gina de <a href=\"https:\/\/www.google.com\/adsense\/new\/localized-terms?gsessionid=kWRCXgJLUuP7UaH85DQk-CXCRKOyavDl\" target=\"_blank\" rel=\"noopener noreferrer\"> Condicions del servei en l\u00ednia d&#8217;AdSense<\/a>.<\/p>\n<h2>Com puc desactivar les cookies al meu navegador?<\/h2>\n<p>Es poden configurar els diferents navegadors per avisar l&#8217;USUARI de la recepci\u00f3 de cookies i, si es vol, impedir-ne la instal\u00b7laci\u00f3 a l&#8217;equip. Aix\u00ed mateix, l&#8217;USUARI pot revisar al seu navegador quines cookies t\u00e9 instal\u00b7lades i quin \u00e9s el termini de caducitat de les mateixes, podent eliminar-les.<\/p>\n<p>Per ampliar aquesta informaci\u00f3 consulteu les instruccions i manuals del vostre navegador:<\/p>\n<p>Per a m\u00e9s informaci\u00f3 sobre l&#8217;administraci\u00f3 de les cookies a Google Chrome: <a href=\"https:\/\/support.google.com\/chrome\/answer\/95647?hl=ca\" target=\"_blank\" rel=\"noopener noreferrer\"> Esborrar, habilitar i administrar cookies a Chrome<\/a><\/p>\n<p>Per a m\u00e9s informaci\u00f3 sobre l&#8217;administraci\u00f3 de les cookies a Internet Explorer: <a href=\"https:\/\/support.microsoft.com\/es-es\/help\/17442\/windows-internet-explorer-delete-manage-cookies\" target=\"_blank\" rel=\"noopener noreferrer\">Eliminar i administrar cookies<\/a><\/p>\n<p>Per a m\u00e9s informaci\u00f3 sobre l&#8217;administraci\u00f3 de les cookies a Mozilla Firefox: <a href=\"https:\/\/support.mozilla.org\/es\/kb\/habilitar-y-deshabilitar-cookies-sitios-web-rastrear-preferencias?redirectlocale= ca&#038;redirectslug=habilitar-i-deshabilitar-cookies-que-los-llocs-we\" target=\"_blank\" rel=\"noopener noreferrer\">Habilitar i deshabilitar cookies que els llocs web utilitzen per rastrejar les teves prefer\u00e8ncies<\/a><\/p>\n<p>Per a m\u00e9s informaci\u00f3 sobre l&#8217;administraci\u00f3 de les cookies a Safari: <a href=\"https:\/\/support.apple.com\/es-es\/HT201265\" target=\"_blank\" rel=\"noopener noreferrer\">Esborrar l&#8217;historial i les cookies de Safari a l&#8217;iPhone, iPad o iPod touch<\/a><\/p>\n<p>Per a m\u00e9s informaci\u00f3 sobre l&#8217;administraci\u00f3 de les cookies a Opera: <a href=\"https:\/\/help.opera.com\/en\/latest\/web-preferences\/#cookies\" target=\"_blank\" rel=\"noopener noreferrer\"> Manage cookies in pages<\/a><\/p>\n<p>Si voleu deixar de ser seguit per Google Analytics visiteu: <a href=\"https:\/\/tools.google.com\/dlpage\/gaoptout\" target=\"_blank\" rel=\"noopener noreferrer\">Google Analytics Opt-out Browser Add-on<\/a><\/p>\n<h2>Per saber m\u00e9s sobre les cookies<\/h2>\n<p>Podeu obtenir m\u00e9s informaci\u00f3 sobre la publicitat en l\u00ednia basada en el comportament i la privadesa en l\u00ednia al seg\u00fcent enlla\u00e7: <a href=\"https:\/\/www.youronlinechoices.com\/es\/\" target=\"_blank\" rel=\"noopener noreferrer\">Your Online Choices<\/a>.<\/p>\n<p>Protecci\u00f3 de dades de Google Analytics: <a href=\"https:\/\/marketingplatform.google.com\/about\/analytics\/terms\/us\/\" target=\"_blank\" rel=\"noopener noreferrer\">Google Analytics Terms of Service<\/ a><\/p>\n<p>Com utilitza Google Analytics les cookies: <a href=\"https:\/\/developers.google.com\/analytics\/devguides\/collection\/analyticsjs\/cookie-usage?hl=ca#analyticsjs\" target=\"_blank\" rel=\"noopener noreferrer\">\u00das de cookies: gtag.js i analytics.js<\/a><\/p>\n<h2>Actualitzacions i canvis en la pol\u00edtica de privadesa\/cookies<\/h2>\n<p>Les webs d&#8217;EB ENTRENAMENT poden modificar aquesta Pol\u00edtica de Cookies en funci\u00f3 d&#8217;exig\u00e8ncies legislatives, reglament\u00e0ries, o amb la finalitat d&#8217;adaptar aquesta pol\u00edtica a les instruccions dictades per l&#8217;Ag\u00e8ncia Andorrana de Protecci\u00f3 de Dades, per aix\u00f2 s&#8217;aconsella als USUARIS que la visitin peri\u00f2dicament.<\/p>\n<p>Quan es produeixin canvis significatius en aquesta Pol\u00edtica de Cookies, aquests es comunicaran als USUARIS b\u00e9 mitjan\u00e7ant la web oa trav\u00e9s de correu electr\u00f2nic als USUARIS registrats.<\/p>\n","protected":false},"excerpt":{"rendered":"<p>En aquesta web s&#8217;utilitzen cookies de tercers i pr\u00f2pies per aconseguir que tinguis una millor experi\u00e8ncia de navegaci\u00f3, puguis compartir contingut a xarxes socials i perqu\u00e8 puguem obtenir estad\u00edstiques dels USUARIS. Pots evitar la desc\u00e0rrega de cookies a trav\u00e9s de la configuraci\u00f3 del teu navegador, evitant que les cookies s&#8217;emmagatzemin al dispositiu. Com a propietari &hellip; <\/p>\n","protected":false},"author":2,"featured_media":0,"parent":0,"menu_order":0,"comment_status":"closed","ping_status":"closed","template":"","meta":{"footnotes":""},"class_list":["post-18269","page","type-page","status-publish","hentry"],"yoast_head":"<!-- This site is optimized with the Yoast SEO plugin v27.2 - https:\/\/yoast.com\/product\/yoast-seo-wordpress\/ -->\n<title>Pol\u00edtica de Cookies<\/title>\n<meta name=\"robots\" content=\"index, follow, max-snippet:-1, max-image-preview:large, max-video-preview:-1\" \/>\n<link rel=\"canonical\" href=\"https:\/\/www.eduardbarcelo.com\/ca\/politica-de-cookies\/\" \/>\n<meta property=\"og:locale\" content=\"ca_ES\" \/>\n<meta property=\"og:type\" content=\"article\" \/>\n<meta property=\"og:title\" content=\"Pol\u00edtica de Cookies\" \/>\n<meta property=\"og:description\" content=\"En aquesta web s&#8217;utilitzen cookies de tercers i pr\u00f2pies per aconseguir que tinguis una millor experi\u00e8ncia de navegaci\u00f3, puguis compartir contingut a xarxes socials i perqu\u00e8 puguem obtenir estad\u00edstiques dels USUARIS. Pots evitar la desc\u00e0rrega de cookies a trav\u00e9s de la configuraci\u00f3 del teu navegador, evitant que les cookies s&#8217;emmagatzemin al dispositiu. Com a propietari &hellip;\" \/>\n<meta property=\"og:url\" content=\"https:\/\/www.eduardbarcelo.com\/ca\/politica-de-cookies\/\" \/>\n<meta property=\"og:site_name\" content=\"Eduard Barcel\u00f3 Training\" \/>\n<meta property=\"article:publisher\" content=\"https:\/\/www.facebook.com\/EBEntrenament\" \/>\n<meta property=\"article:modified_time\" content=\"2022-12-13T13:11:34+00:00\" \/>\n<meta name=\"twitter:card\" content=\"summary_large_image\" \/>\n<meta name=\"twitter:label1\" content=\"Temps estimat de lectura\" \/>\n\t<meta name=\"twitter:data1\" content=\"7 minuts\" \/>\n<script type=\"application\/ld+json\" class=\"yoast-schema-graph\">{\"@context\":\"https:\/\/schema.org\",\"@graph\":[{\"@type\":\"WebPage\",\"@id\":\"https:\/\/www.eduardbarcelo.com\/ca\/politica-de-cookies\/\",\"url\":\"https:\/\/www.eduardbarcelo.com\/ca\/politica-de-cookies\/\",\"name\":\"Pol\u00edtica de Cookies\",\"isPartOf\":{\"@id\":\"https:\/\/www.eduardbarcelo.com\/#website\"},\"datePublished\":\"2022-12-13T13:10:48+00:00\",\"dateModified\":\"2022-12-13T13:11:34+00:00\",\"breadcrumb\":{\"@id\":\"https:\/\/www.eduardbarcelo.com\/ca\/politica-de-cookies\/#breadcrumb\"},\"inLanguage\":\"ca\",\"potentialAction\":[{\"@type\":\"ReadAction\",\"target\":[\"https:\/\/www.eduardbarcelo.com\/ca\/politica-de-cookies\/\"]}]},{\"@type\":\"BreadcrumbList\",\"@id\":\"https:\/\/www.eduardbarcelo.com\/ca\/politica-de-cookies\/#breadcrumb\",\"itemListElement\":[{\"@type\":\"ListItem\",\"position\":1,\"name\":\"Home\",\"item\":\"https:\/\/www.eduardbarcelo.com\/ca\/\"},{\"@type\":\"ListItem\",\"position\":2,\"name\":\"Pol\u00edtica de Cookies\"}]},{\"@type\":\"WebSite\",\"@id\":\"https:\/\/www.eduardbarcelo.com\/#website\",\"url\":\"https:\/\/www.eduardbarcelo.com\/\",\"name\":\"Eduard Barcel\u00f3 Training\",\"description\":\"Preparador f\u00edsico especializado en deportes de resistencia\",\"potentialAction\":[{\"@type\":\"SearchAction\",\"target\":{\"@type\":\"EntryPoint\",\"urlTemplate\":\"https:\/\/www.eduardbarcelo.com\/?s={search_term_string}\"},\"query-input\":{\"@type\":\"PropertyValueSpecification\",\"valueRequired\":true,\"valueName\":\"search_term_string\"}}],\"inLanguage\":\"ca\"}]}<\/script>\n<!-- \/ Yoast SEO plugin. -->","yoast_head_json":{"title":"Pol\u00edtica de Cookies","robots":{"index":"index","follow":"follow","max-snippet":"max-snippet:-1","max-image-preview":"max-image-preview:large","max-video-preview":"max-video-preview:-1"},"canonical":"https:\/\/www.eduardbarcelo.com\/ca\/politica-de-cookies\/","og_locale":"ca_ES","og_type":"article","og_title":"Pol\u00edtica de Cookies","og_description":"En aquesta web s&#8217;utilitzen cookies de tercers i pr\u00f2pies per aconseguir que tinguis una millor experi\u00e8ncia de navegaci\u00f3, puguis compartir contingut a xarxes socials i perqu\u00e8 puguem obtenir estad\u00edstiques dels USUARIS. Pots evitar la desc\u00e0rrega de cookies a trav\u00e9s de la configuraci\u00f3 del teu navegador, evitant que les cookies s&#8217;emmagatzemin al dispositiu. Com a propietari &hellip;","og_url":"https:\/\/www.eduardbarcelo.com\/ca\/politica-de-cookies\/","og_site_name":"Eduard Barcel\u00f3 Training","article_publisher":"https:\/\/www.facebook.com\/EBEntrenament","article_modified_time":"2022-12-13T13:11:34+00:00","twitter_card":"summary_large_image","twitter_misc":{"Temps estimat de lectura":"7 minuts"},"schema":{"@context":"https:\/\/schema.org","@graph":[{"@type":"WebPage","@id":"https:\/\/www.eduardbarcelo.com\/ca\/politica-de-cookies\/","url":"https:\/\/www.eduardbarcelo.com\/ca\/politica-de-cookies\/","name":"Pol\u00edtica de Cookies","isPartOf":{"@id":"https:\/\/www.eduardbarcelo.com\/#website"},"datePublished":"2022-12-13T13:10:48+00:00","dateModified":"2022-12-13T13:11:34+00:00","breadcrumb":{"@id":"https:\/\/www.eduardbarcelo.com\/ca\/politica-de-cookies\/#breadcrumb"},"inLanguage":"ca","potentialAction":[{"@type":"ReadAction","target":["https:\/\/www.eduardbarcelo.com\/ca\/politica-de-cookies\/"]}]},{"@type":"BreadcrumbList","@id":"https:\/\/www.eduardbarcelo.com\/ca\/politica-de-cookies\/#breadcrumb","itemListElement":[{"@type":"ListItem","position":1,"name":"Home","item":"https:\/\/www.eduardbarcelo.com\/ca\/"},{"@type":"ListItem","position":2,"name":"Pol\u00edtica de Cookies"}]},{"@type":"WebSite","@id":"https:\/\/www.eduardbarcelo.com\/#website","url":"https:\/\/www.eduardbarcelo.com\/","name":"Eduard Barcel\u00f3 Training","description":"Preparador f\u00edsico especializado en deportes de resistencia","potentialAction":[{"@type":"SearchAction","target":{"@type":"EntryPoint","urlTemplate":"https:\/\/www.eduardbarcelo.com\/?s={search_term_string}"},"query-input":{"@type":"PropertyValueSpecification","valueRequired":true,"valueName":"search_term_string"}}],"inLanguage":"ca"}]}},"_links":{"self":[{"href":"https:\/\/www.eduardbarcelo.com\/ca\/wp-json\/wp\/v2\/pages\/18269","targetHints":{"allow":["GET"]}}],"collection":[{"href":"https:\/\/www.eduardbarcelo.com\/ca\/wp-json\/wp\/v2\/pages"}],"about":[{"href":"https:\/\/www.eduardbarcelo.com\/ca\/wp-json\/wp\/v2\/types\/page"}],"author":[{"embeddable":true,"href":"https:\/\/www.eduardbarcelo.com\/ca\/wp-json\/wp\/v2\/users\/2"}],"replies":[{"embeddable":true,"href":"https:\/\/www.eduardbarcelo.com\/ca\/wp-json\/wp\/v2\/comments?post=18269"}],"version-history":[{"count":2,"href":"https:\/\/www.eduardbarcelo.com\/ca\/wp-json\/wp\/v2\/pages\/18269\/revisions"}],"predecessor-version":[{"id":18271,"href":"https:\/\/www.eduardbarcelo.com\/ca\/wp-json\/wp\/v2\/pages\/18269\/revisions\/18271"}],"wp:attachment":[{"href":"https:\/\/www.eduardbarcelo.com\/ca\/wp-json\/wp\/v2\/media?parent=18269"}],"curies":[{"name":"wp","href":"https:\/\/api.w.org\/{rel}","templated":true}]}}